{"id":5846,"date":"2023-07-21T16:26:14","date_gmt":"2023-07-21T13:26:14","guid":{"rendered":"https:\/\/revealing-project.eu\/product\/museu-de-arte-antiga\/"},"modified":"2023-07-21T16:26:20","modified_gmt":"2023-07-21T13:26:20","slug":"museu-de-arte-antiga","status":"publish","type":"product","link":"https:\/\/revealing-project.eu\/pt-pt\/produto\/museu-de-arte-antiga\/","title":{"rendered":"Museu de Arte Antiga"},"content":{"rendered":"<p>O Museu de Arte Antiga \u00e9 um mundo virtual no VRChat que apresenta uma cole\u00e7\u00e3o de pe\u00e7as de arte antigas. Existem 60 exposi\u00e7\u00f5es de civiliza\u00e7\u00f5es antigas que surgiram em Roma, Gr\u00e9cia, Egito e \u00c1sia.<\/p>\n","protected":false},"excerpt":{"rendered":"<p><a class=\"linkbutton\" href=\"https:\/\/vrchat.com\/home\/world\/wrld_b93a7dff-cc5a-480c-a679-5ad0f0db1c02 \"target=_blank\" rel=\"noopener\">Website<\/a><\/p>\n","protected":false},"featured_media":4606,"template":"","meta":[],"product_cat":[234],"product_tag":[],"_links":{"self":[{"href":"https:\/\/revealing-project.eu\/pt-pt\/wp-json\/wp\/v2\/product\/5846"}],"collection":[{"href":"https:\/\/revealing-project.eu\/pt-pt\/wp-json\/wp\/v2\/product"}],"about":[{"href":"https:\/\/revealing-project.eu\/pt-pt\/wp-json\/wp\/v2\/types\/product"}],"wp:featuredmedia":[{"embeddable":true,"href":"https:\/\/revealing-project.eu\/pt-pt\/wp-json\/wp\/v2\/media\/4606"}],"wp:attachment":[{"href":"https:\/\/revealing-project.eu\/pt-pt\/wp-json\/wp\/v2\/media?parent=5846"}],"wp:term":[{"taxonomy":"product_cat","embeddable":true,"href":"https:\/\/revealing-project.eu\/pt-pt\/wp-json\/wp\/v2\/product_cat?post=5846"},{"taxonomy":"product_tag","embeddable":true,"href":"https:\/\/revealing-project.eu\/pt-pt\/wp-json\/wp\/v2\/product_tag?post=5846"}],"curies":[{"name":"wp","href":"https:\/\/api.w.org\/{rel}","templated":true}]}}