{"id":5850,"date":"2023-07-21T16:26:22","date_gmt":"2023-07-21T13:26:22","guid":{"rendered":"https:\/\/revealing-project.eu\/product\/laboratorio-de-quimica-de-tf2\/"},"modified":"2023-07-21T16:26:23","modified_gmt":"2023-07-21T13:26:23","slug":"laboratorio-de-quimica-de-tf2","status":"publish","type":"product","link":"https:\/\/revealing-project.eu\/pt-pt\/produto\/laboratorio-de-quimica-de-tf2\/","title":{"rendered":"Laborat\u00f3rio de Qu\u00edmica de TF2"},"content":{"rendered":"<p>O Laborat\u00f3rio de Qu\u00edmica com a tem\u00e1tica de TF2 \u00e9 um mapa no VRChat criado por um utilizador para enfrentar dificuldades com a qu\u00edmica.<\/p>\n","protected":false},"excerpt":{"rendered":"<p><a class=\"linkbutton\" href=\"https:\/\/vrchat.com\/home\/world\/wrld_fe84a517-faa4-4b65-a828-b07d0619b0ac \"target=_blank\" rel=\"noopener\">Website<\/a><\/p>\n","protected":false},"featured_media":4626,"template":"","meta":[],"product_cat":[234],"product_tag":[],"_links":{"self":[{"href":"https:\/\/revealing-project.eu\/pt-pt\/wp-json\/wp\/v2\/product\/5850"}],"collection":[{"href":"https:\/\/revealing-project.eu\/pt-pt\/wp-json\/wp\/v2\/product"}],"about":[{"href":"https:\/\/revealing-project.eu\/pt-pt\/wp-json\/wp\/v2\/types\/product"}],"wp:featuredmedia":[{"embeddable":true,"href":"https:\/\/revealing-project.eu\/pt-pt\/wp-json\/wp\/v2\/media\/4626"}],"wp:attachment":[{"href":"https:\/\/revealing-project.eu\/pt-pt\/wp-json\/wp\/v2\/media?parent=5850"}],"wp:term":[{"taxonomy":"product_cat","embeddable":true,"href":"https:\/\/revealing-project.eu\/pt-pt\/wp-json\/wp\/v2\/product_cat?post=5850"},{"taxonomy":"product_tag","embeddable":true,"href":"https:\/\/revealing-project.eu\/pt-pt\/wp-json\/wp\/v2\/product_tag?post=5850"}],"curies":[{"name":"wp","href":"https:\/\/api.w.org\/{rel}","templated":true}]}}