{"id":5852,"date":"2023-07-21T16:26:22","date_gmt":"2023-07-21T13:26:22","guid":{"rendered":"https:\/\/revealing-project.eu\/product\/inter-acao-na-matematica\/"},"modified":"2023-07-21T16:26:24","modified_gmt":"2023-07-21T13:26:24","slug":"inter-acao-na-matematica","status":"publish","type":"product","link":"https:\/\/revealing-project.eu\/pt-pt\/produto\/inter-acao-na-matematica\/","title":{"rendered":"Inter-A\u00e7\u00e3o na Matem\u00e1tica"},"content":{"rendered":"<p>Inter-A\u00e7\u00e3o na Matem\u00e1tica \u00e9 um parque de divers\u00f5es interativo ou ambiente virtual projetado para facilitar o reconhecimento intuitivo de conceitos matem\u00e1ticos.<\/p>\n","protected":false},"excerpt":{"rendered":"<p><a class=\"linkbutton\" href=\"https:\/\/vrchat.com\/home\/world\/wrld_c937bde4-b585-4e6b-9623-d16525780287 \"target=_blank\" rel=\"noopener\">Website<\/a><\/p>\n","protected":false},"featured_media":4636,"template":"","meta":[],"product_cat":[234],"product_tag":[],"_links":{"self":[{"href":"https:\/\/revealing-project.eu\/pt-pt\/wp-json\/wp\/v2\/product\/5852"}],"collection":[{"href":"https:\/\/revealing-project.eu\/pt-pt\/wp-json\/wp\/v2\/product"}],"about":[{"href":"https:\/\/revealing-project.eu\/pt-pt\/wp-json\/wp\/v2\/types\/product"}],"wp:featuredmedia":[{"embeddable":true,"href":"https:\/\/revealing-project.eu\/pt-pt\/wp-json\/wp\/v2\/media\/4636"}],"wp:attachment":[{"href":"https:\/\/revealing-project.eu\/pt-pt\/wp-json\/wp\/v2\/media?parent=5852"}],"wp:term":[{"taxonomy":"product_cat","embeddable":true,"href":"https:\/\/revealing-project.eu\/pt-pt\/wp-json\/wp\/v2\/product_cat?post=5852"},{"taxonomy":"product_tag","embeddable":true,"href":"https:\/\/revealing-project.eu\/pt-pt\/wp-json\/wp\/v2\/product_tag?post=5852"}],"curies":[{"name":"wp","href":"https:\/\/api.w.org\/{rel}","templated":true}]}}