{"id":5853,"date":"2023-07-21T16:26:22","date_gmt":"2023-07-21T13:26:22","guid":{"rendered":"https:\/\/revealing-project.eu\/product\/simulador-de-monte-carlo\/"},"modified":"2023-07-21T16:26:24","modified_gmt":"2023-07-21T13:26:24","slug":"simulador-de-monte-carlo","status":"publish","type":"product","link":"https:\/\/revealing-project.eu\/pt-pt\/produto\/simulador-de-monte-carlo\/","title":{"rendered":"Simulador de Monte Carlo"},"content":{"rendered":"<p>A Simula\u00e7\u00e3o de Monte Carlo \u00e9 uma t\u00e9cnica num\u00e9rica probabil\u00edstica utilizada para estimar o resultado de um determinado processo incerto (estoc\u00e1stico).<\/p>\n","protected":false},"excerpt":{"rendered":"<p><a class=\"linkbutton\" href=\"https:\/\/vrchat.com\/home\/world\/wrld_c77b9b23-585b-44c0-99d4-2082c7d4f92b \"target=_blank\" rel=\"noopener\">Website<\/a><\/p>\n","protected":false},"featured_media":4641,"template":"","meta":[],"product_cat":[234],"product_tag":[],"_links":{"self":[{"href":"https:\/\/revealing-project.eu\/pt-pt\/wp-json\/wp\/v2\/product\/5853"}],"collection":[{"href":"https:\/\/revealing-project.eu\/pt-pt\/wp-json\/wp\/v2\/product"}],"about":[{"href":"https:\/\/revealing-project.eu\/pt-pt\/wp-json\/wp\/v2\/types\/product"}],"wp:featuredmedia":[{"embeddable":true,"href":"https:\/\/revealing-project.eu\/pt-pt\/wp-json\/wp\/v2\/media\/4641"}],"wp:attachment":[{"href":"https:\/\/revealing-project.eu\/pt-pt\/wp-json\/wp\/v2\/media?parent=5853"}],"wp:term":[{"taxonomy":"product_cat","embeddable":true,"href":"https:\/\/revealing-project.eu\/pt-pt\/wp-json\/wp\/v2\/product_cat?post=5853"},{"taxonomy":"product_tag","embeddable":true,"href":"https:\/\/revealing-project.eu\/pt-pt\/wp-json\/wp\/v2\/product_tag?post=5853"}],"curies":[{"name":"wp","href":"https:\/\/api.w.org\/{rel}","templated":true}]}}