{"id":5855,"date":"2023-07-21T16:26:22","date_gmt":"2023-07-21T13:26:22","guid":{"rendered":"https:\/\/revealing-project.eu\/product\/just-4d-cube\/"},"modified":"2023-07-21T16:26:25","modified_gmt":"2023-07-21T13:26:25","slug":"just-4d-cube","status":"publish","type":"product","link":"https:\/\/revealing-project.eu\/pt-pt\/produto\/just-4d-cube\/","title":{"rendered":"JUST 4D CUBE"},"content":{"rendered":"<p>O &#8220;JUST 4D CUBE&#8221; \u00e9 uma simula\u00e7\u00e3o no VRChat que apresenta um cubo 4D, uma forma geom\u00e9trica que se estende al\u00e9m das tr\u00eas dimens\u00f5es tradicionais e entra na quarta dimens\u00e3o.<\/p>\n","protected":false},"excerpt":{"rendered":"<p><a class=\"linkbutton\" href=\"https:\/\/vrchat.com\/home\/world\/wrld_a8cf8e17-d7df-4b7a-ba28-e9acd6c19cdf \"target=_blank\" rel=\"noopener\">Website<\/a><\/p>\n","protected":false},"featured_media":4646,"template":"","meta":[],"product_cat":[234],"product_tag":[],"_links":{"self":[{"href":"https:\/\/revealing-project.eu\/pt-pt\/wp-json\/wp\/v2\/product\/5855"}],"collection":[{"href":"https:\/\/revealing-project.eu\/pt-pt\/wp-json\/wp\/v2\/product"}],"about":[{"href":"https:\/\/revealing-project.eu\/pt-pt\/wp-json\/wp\/v2\/types\/product"}],"wp:featuredmedia":[{"embeddable":true,"href":"https:\/\/revealing-project.eu\/pt-pt\/wp-json\/wp\/v2\/media\/4646"}],"wp:attachment":[{"href":"https:\/\/revealing-project.eu\/pt-pt\/wp-json\/wp\/v2\/media?parent=5855"}],"wp:term":[{"taxonomy":"product_cat","embeddable":true,"href":"https:\/\/revealing-project.eu\/pt-pt\/wp-json\/wp\/v2\/product_cat?post=5855"},{"taxonomy":"product_tag","embeddable":true,"href":"https:\/\/revealing-project.eu\/pt-pt\/wp-json\/wp\/v2\/product_tag?post=5855"}],"curies":[{"name":"wp","href":"https:\/\/api.w.org\/{rel}","templated":true}]}}