{"id":5858,"date":"2023-07-21T16:26:22","date_gmt":"2023-07-21T13:26:22","guid":{"rendered":"https:\/\/revealing-project.eu\/product\/clinica-dentaria-vr\/"},"modified":"2023-07-21T16:26:26","modified_gmt":"2023-07-21T13:26:26","slug":"clinica-dentaria-vr","status":"publish","type":"product","link":"https:\/\/revealing-project.eu\/pt-pt\/produto\/clinica-dentaria-vr\/","title":{"rendered":"Cl\u00ednica Dent\u00e1ria VR"},"content":{"rendered":"<p>&#8220;A Cl\u00ednica Dent\u00e1ria VR&#8221; \u00e9 um ambiente virtual que proporciona uma experi\u00eancia imersiva e interativa para os utilizadores explorarem o mundo da medicina dent\u00e1ria.<\/p>\n","protected":false},"excerpt":{"rendered":"<p><a class=\"linkbutton\" href=\"https:\/\/vrchat.com\/home\/world\/wrld_1142ca33-56ae-4f38-94aa-e3a3a337c79e \"target=_blank\" rel=\"noopener\">Website<\/a><\/p>\n","protected":false},"featured_media":4671,"template":"","meta":[],"product_cat":[234],"product_tag":[],"_links":{"self":[{"href":"https:\/\/revealing-project.eu\/pt-pt\/wp-json\/wp\/v2\/product\/5858"}],"collection":[{"href":"https:\/\/revealing-project.eu\/pt-pt\/wp-json\/wp\/v2\/product"}],"about":[{"href":"https:\/\/revealing-project.eu\/pt-pt\/wp-json\/wp\/v2\/types\/product"}],"wp:featuredmedia":[{"embeddable":true,"href":"https:\/\/revealing-project.eu\/pt-pt\/wp-json\/wp\/v2\/media\/4671"}],"wp:attachment":[{"href":"https:\/\/revealing-project.eu\/pt-pt\/wp-json\/wp\/v2\/media?parent=5858"}],"wp:term":[{"taxonomy":"product_cat","embeddable":true,"href":"https:\/\/revealing-project.eu\/pt-pt\/wp-json\/wp\/v2\/product_cat?post=5858"},{"taxonomy":"product_tag","embeddable":true,"href":"https:\/\/revealing-project.eu\/pt-pt\/wp-json\/wp\/v2\/product_tag?post=5858"}],"curies":[{"name":"wp","href":"https:\/\/api.w.org\/{rel}","templated":true}]}}