{"id":5859,"date":"2023-07-21T16:26:22","date_gmt":"2023-07-21T13:26:22","guid":{"rendered":"https:\/\/revealing-project.eu\/product\/consultorio-de-dentista-e-medico\/"},"modified":"2023-07-21T16:26:26","modified_gmt":"2023-07-21T13:26:26","slug":"consultorio-de-dentista-e-medico","status":"publish","type":"product","link":"https:\/\/revealing-project.eu\/pt-pt\/produto\/consultorio-de-dentista-e-medico\/","title":{"rendered":"Consult\u00f3rio de Dentista e M\u00e9dico"},"content":{"rendered":"<p>&#8220;Consult\u00f3rio de Dentista e M\u00e9dico&#8221; \u00e9 um ambiente de realidade virtual (VR) no VRChat onde os utilizadores podem interpretar o papel de dentistas, m\u00e9dicos, cirurgi\u00f5es e m\u00e9dicos. O ambiente foi projetado para se assemelhar a um centro m\u00e9dico vintage e antigo.<\/p>\n","protected":false},"excerpt":{"rendered":"<p><a class=\"linkbutton\" href=\"https:\/\/vrchat.com\/home\/world\/wrld_d605f733-be8b-4d4c-a769-4c5d99657648 \"target=_blank\" rel=\"noopener\">Website<\/a><\/p>\n","protected":false},"featured_media":4666,"template":"","meta":[],"product_cat":[234],"product_tag":[],"_links":{"self":[{"href":"https:\/\/revealing-project.eu\/pt-pt\/wp-json\/wp\/v2\/product\/5859"}],"collection":[{"href":"https:\/\/revealing-project.eu\/pt-pt\/wp-json\/wp\/v2\/product"}],"about":[{"href":"https:\/\/revealing-project.eu\/pt-pt\/wp-json\/wp\/v2\/types\/product"}],"wp:featuredmedia":[{"embeddable":true,"href":"https:\/\/revealing-project.eu\/pt-pt\/wp-json\/wp\/v2\/media\/4666"}],"wp:attachment":[{"href":"https:\/\/revealing-project.eu\/pt-pt\/wp-json\/wp\/v2\/media?parent=5859"}],"wp:term":[{"taxonomy":"product_cat","embeddable":true,"href":"https:\/\/revealing-project.eu\/pt-pt\/wp-json\/wp\/v2\/product_cat?post=5859"},{"taxonomy":"product_tag","embeddable":true,"href":"https:\/\/revealing-project.eu\/pt-pt\/wp-json\/wp\/v2\/product_tag?post=5859"}],"curies":[{"name":"wp","href":"https:\/\/api.w.org\/{rel}","templated":true}]}}