{"id":5864,"date":"2023-07-21T16:26:22","date_gmt":"2023-07-21T13:26:22","guid":{"rendered":"https:\/\/revealing-project.eu\/product\/gerador-de-energia-eolica\/"},"modified":"2023-07-21T16:26:28","modified_gmt":"2023-07-21T13:26:28","slug":"gerador-de-energia-eolica","status":"publish","type":"product","link":"https:\/\/revealing-project.eu\/pt-pt\/produto\/gerador-de-energia-eolica\/","title":{"rendered":"Gerador de Energia E\u00f3lica"},"content":{"rendered":"<p>&#8220;Gerador de Energia E\u00f3lica&#8221; \u00e9 um mundo espec\u00edfico dentro do VRChat que permite aos utilizadores interagir com um dispositivo virtual de produ\u00e7\u00e3o de energia atrav\u00e9s do vento.<\/p>\n","protected":false},"excerpt":{"rendered":"<p><a class=\"linkbutton\" href=\"https:\/\/vrchat.com\/home\/world\/wrld_f7393108-4f83-4f37-9ab1-2fa91a714f0e \"target=_blank\" rel=\"noopener\">Website<\/a><\/p>\n","protected":false},"featured_media":4681,"template":"","meta":[],"product_cat":[234],"product_tag":[],"_links":{"self":[{"href":"https:\/\/revealing-project.eu\/pt-pt\/wp-json\/wp\/v2\/product\/5864"}],"collection":[{"href":"https:\/\/revealing-project.eu\/pt-pt\/wp-json\/wp\/v2\/product"}],"about":[{"href":"https:\/\/revealing-project.eu\/pt-pt\/wp-json\/wp\/v2\/types\/product"}],"wp:featuredmedia":[{"embeddable":true,"href":"https:\/\/revealing-project.eu\/pt-pt\/wp-json\/wp\/v2\/media\/4681"}],"wp:attachment":[{"href":"https:\/\/revealing-project.eu\/pt-pt\/wp-json\/wp\/v2\/media?parent=5864"}],"wp:term":[{"taxonomy":"product_cat","embeddable":true,"href":"https:\/\/revealing-project.eu\/pt-pt\/wp-json\/wp\/v2\/product_cat?post=5864"},{"taxonomy":"product_tag","embeddable":true,"href":"https:\/\/revealing-project.eu\/pt-pt\/wp-json\/wp\/v2\/product_tag?post=5864"}],"curies":[{"name":"wp","href":"https:\/\/api.w.org\/{rel}","templated":true}]}}