{"id":5866,"date":"2023-07-21T16:26:22","date_gmt":"2023-07-21T13:26:22","guid":{"rendered":"https:\/\/revealing-project.eu\/product\/sunflower-m%e2%80%a4d\/"},"modified":"2023-07-21T16:26:29","modified_gmt":"2023-07-21T13:26:29","slug":"sunflower-m%e2%80%a4d","status":"publish","type":"product","link":"https:\/\/revealing-project.eu\/pt-pt\/produto\/sunflower-m%e2%80%a4d\/","title":{"rendered":"Sunflower M\u2024D"},"content":{"rendered":"<p>&#8220;Sunflower M.D.&#8221; \u00e9 um mundo no VRChat que simula uma cl\u00ednica m\u00e9dica.<\/p>\n","protected":false},"excerpt":{"rendered":"<p><a class=\"linkbutton\" href=\"https:\/\/vrchat.com\/home\/world\/wrld_4cb20b84-3a2e-4af0-a104-c3d2cd0ca6a3 \"target=_blank\" rel=\"noopener\">Website<\/a><\/p>\n","protected":false},"featured_media":4701,"template":"","meta":[],"product_cat":[234],"product_tag":[],"_links":{"self":[{"href":"https:\/\/revealing-project.eu\/pt-pt\/wp-json\/wp\/v2\/product\/5866"}],"collection":[{"href":"https:\/\/revealing-project.eu\/pt-pt\/wp-json\/wp\/v2\/product"}],"about":[{"href":"https:\/\/revealing-project.eu\/pt-pt\/wp-json\/wp\/v2\/types\/product"}],"wp:featuredmedia":[{"embeddable":true,"href":"https:\/\/revealing-project.eu\/pt-pt\/wp-json\/wp\/v2\/media\/4701"}],"wp:attachment":[{"href":"https:\/\/revealing-project.eu\/pt-pt\/wp-json\/wp\/v2\/media?parent=5866"}],"wp:term":[{"taxonomy":"product_cat","embeddable":true,"href":"https:\/\/revealing-project.eu\/pt-pt\/wp-json\/wp\/v2\/product_cat?post=5866"},{"taxonomy":"product_tag","embeddable":true,"href":"https:\/\/revealing-project.eu\/pt-pt\/wp-json\/wp\/v2\/product_tag?post=5866"}],"curies":[{"name":"wp","href":"https:\/\/api.w.org\/{rel}","templated":true}]}}