{"id":5870,"date":"2023-07-21T16:26:35","date_gmt":"2023-07-21T13:26:35","guid":{"rendered":"https:\/\/revealing-project.eu\/product\/tenda-museu-animal-crossing-new-horizons\/"},"modified":"2023-07-21T16:26:36","modified_gmt":"2023-07-21T13:26:36","slug":"tenda-museu-animal-crossing-new-horizons","status":"publish","type":"product","link":"https:\/\/revealing-project.eu\/pt-pt\/produto\/tenda-museu-animal-crossing-new-horizons\/","title":{"rendered":"Tenda  Museu &#8211; Animal Crossing: New Horizons"},"content":{"rendered":"<p>A &#8220;Tenda Museu&#8221; no VRChat \u00e9 um mundo acolhedor e interativo inspirado em Animal Crossing: New Horizons, apresentando exposi\u00e7\u00f5es rotativas de f\u00f3sseis, insetos e peixes, mostras interativas e uma \u00e1rea de conv\u00edvio para os f\u00e3s se reunirem e se conectarem.<\/p>\n","protected":false},"excerpt":{"rendered":"<p><a class=\"linkbutton\" href=\"https:\/\/vrchat.com\/home\/world\/wrld_c3847cef-eacc-4f06-b1de-d090e5bce51d \"target=_blank\" rel=\"noopener\">Website<\/a><\/p>\n","protected":false},"featured_media":4716,"template":"","meta":[],"product_cat":[234],"product_tag":[],"_links":{"self":[{"href":"https:\/\/revealing-project.eu\/pt-pt\/wp-json\/wp\/v2\/product\/5870"}],"collection":[{"href":"https:\/\/revealing-project.eu\/pt-pt\/wp-json\/wp\/v2\/product"}],"about":[{"href":"https:\/\/revealing-project.eu\/pt-pt\/wp-json\/wp\/v2\/types\/product"}],"wp:featuredmedia":[{"embeddable":true,"href":"https:\/\/revealing-project.eu\/pt-pt\/wp-json\/wp\/v2\/media\/4716"}],"wp:attachment":[{"href":"https:\/\/revealing-project.eu\/pt-pt\/wp-json\/wp\/v2\/media?parent=5870"}],"wp:term":[{"taxonomy":"product_cat","embeddable":true,"href":"https:\/\/revealing-project.eu\/pt-pt\/wp-json\/wp\/v2\/product_cat?post=5870"},{"taxonomy":"product_tag","embeddable":true,"href":"https:\/\/revealing-project.eu\/pt-pt\/wp-json\/wp\/v2\/product_tag?post=5870"}],"curies":[{"name":"wp","href":"https:\/\/api.w.org\/{rel}","templated":true}]}}