{"id":5871,"date":"2023-07-21T16:26:35","date_gmt":"2023-07-21T13:26:35","guid":{"rendered":"https:\/\/revealing-project.eu\/product\/aperture-science-central-ai-chamber\/"},"modified":"2023-07-21T16:26:36","modified_gmt":"2023-07-21T13:26:36","slug":"aperture-science-central-ai-chamber","status":"publish","type":"product","link":"https:\/\/revealing-project.eu\/pt-pt\/produto\/aperture-science-central-ai-chamber\/","title":{"rendered":"Aperture Science &#8211; Central AI Chamber"},"content":{"rendered":"<p>A &#8220;C\u00e2mara Central de IA da Aperture Science&#8221; \u00e9 um local importante na s\u00e9rie de jogos &#8220;Portal&#8221;, onde os jogadores interagem com a personagem principal de intelig\u00eancia artificial, GLaDOS, e enfrentam desafios de quebra-cabe\u00e7as \u00e0 medida que avan\u00e7am no jogo.<\/p>\n","protected":false},"excerpt":{"rendered":"<p><a class=\"linkbutton\" href=\"https:\/\/vrchat.com\/home\/world\/wrld_2c46587d-8726-4c2c-8097-cf31c89f50ae \"target=_blank\" rel=\"noopener\">Website<\/a><\/p>\n","protected":false},"featured_media":4711,"template":"","meta":[],"product_cat":[234],"product_tag":[],"_links":{"self":[{"href":"https:\/\/revealing-project.eu\/pt-pt\/wp-json\/wp\/v2\/product\/5871"}],"collection":[{"href":"https:\/\/revealing-project.eu\/pt-pt\/wp-json\/wp\/v2\/product"}],"about":[{"href":"https:\/\/revealing-project.eu\/pt-pt\/wp-json\/wp\/v2\/types\/product"}],"wp:featuredmedia":[{"embeddable":true,"href":"https:\/\/revealing-project.eu\/pt-pt\/wp-json\/wp\/v2\/media\/4711"}],"wp:attachment":[{"href":"https:\/\/revealing-project.eu\/pt-pt\/wp-json\/wp\/v2\/media?parent=5871"}],"wp:term":[{"taxonomy":"product_cat","embeddable":true,"href":"https:\/\/revealing-project.eu\/pt-pt\/wp-json\/wp\/v2\/product_cat?post=5871"},{"taxonomy":"product_tag","embeddable":true,"href":"https:\/\/revealing-project.eu\/pt-pt\/wp-json\/wp\/v2\/product_tag?post=5871"}],"curies":[{"name":"wp","href":"https:\/\/api.w.org\/{rel}","templated":true}]}}