{"id":5872,"date":"2023-07-21T16:26:35","date_gmt":"2023-07-21T13:26:35","guid":{"rendered":"https:\/\/revealing-project.eu\/product\/mundo-experimental-de-lingua-gestual-udon%ef%bc%89\/"},"modified":"2023-07-21T16:26:36","modified_gmt":"2023-07-21T13:26:36","slug":"mundo-experimental-de-lingua-gestual-udon%ef%bc%89","status":"publish","type":"product","link":"https:\/\/revealing-project.eu\/pt-pt\/produto\/mundo-experimental-de-lingua-gestual-udon%ef%bc%89\/","title":{"rendered":"Mundo Experimental de L\u00edngua Gestual (Udon\uff09"},"content":{"rendered":"<p>&#8220;Mundo Experimental de L\u00edngua Gestual&#8221; \u00e9 um mundo no VRChat que ensina a l\u00edngua gestual.<\/p>\n","protected":false},"excerpt":{"rendered":"<p><a class=\"linkbutton\" href=\"https:\/\/vrchat.com\/home\/world\/wrld_5e778b1b-88c7-4f44-8ff3-a3f289816fd0 \"target=_blank\" rel=\"noopener\">Website<\/a><\/p>\n","protected":false},"featured_media":4706,"template":"","meta":[],"product_cat":[234],"product_tag":[],"_links":{"self":[{"href":"https:\/\/revealing-project.eu\/pt-pt\/wp-json\/wp\/v2\/product\/5872"}],"collection":[{"href":"https:\/\/revealing-project.eu\/pt-pt\/wp-json\/wp\/v2\/product"}],"about":[{"href":"https:\/\/revealing-project.eu\/pt-pt\/wp-json\/wp\/v2\/types\/product"}],"wp:featuredmedia":[{"embeddable":true,"href":"https:\/\/revealing-project.eu\/pt-pt\/wp-json\/wp\/v2\/media\/4706"}],"wp:attachment":[{"href":"https:\/\/revealing-project.eu\/pt-pt\/wp-json\/wp\/v2\/media?parent=5872"}],"wp:term":[{"taxonomy":"product_cat","embeddable":true,"href":"https:\/\/revealing-project.eu\/pt-pt\/wp-json\/wp\/v2\/product_cat?post=5872"},{"taxonomy":"product_tag","embeddable":true,"href":"https:\/\/revealing-project.eu\/pt-pt\/wp-json\/wp\/v2\/product_tag?post=5872"}],"curies":[{"name":"wp","href":"https:\/\/api.w.org\/{rel}","templated":true}]}}