{"id":5873,"date":"2023-07-21T16:26:35","date_gmt":"2023-07-21T13:26:35","guid":{"rendered":"https:\/\/revealing-project.eu\/product\/lx-intercambio-de-linguas\/"},"modified":"2023-07-21T16:26:36","modified_gmt":"2023-07-21T13:26:36","slug":"lx-intercambio-de-linguas","status":"publish","type":"product","link":"https:\/\/revealing-project.eu\/pt-pt\/produto\/lx-intercambio-de-linguas\/","title":{"rendered":"LX intercambio de L\u00ednguas"},"content":{"rendered":"<p>O LX intercambio de L\u00ednguas no VRChat \u00e9 um mundo virtual que facilita atividades de aprendizagem e permuta de l\u00ednguas atrav\u00e9s de esta\u00e7\u00f5es interativas e \u00e1reas de pr\u00e1tica de momentos de conversa oral. Este mundo cria um ambiente din\u00e2mico e envolvente para que os estudantes de l\u00ednguas se possam conectar e aprimorar as suas habilidades.<\/p>\n","protected":false},"excerpt":{"rendered":"<p><a class=\"linkbutton\" href=\"https:\/\/vrchat.com\/home\/world\/wrld_a9f893ed-7cb6-4c77-8da4-8dccf49825b9 \"target=_blank\" rel=\"noopener\">Website<\/a><\/p>\n","protected":false},"featured_media":4741,"template":"","meta":[],"product_cat":[234],"product_tag":[],"_links":{"self":[{"href":"https:\/\/revealing-project.eu\/pt-pt\/wp-json\/wp\/v2\/product\/5873"}],"collection":[{"href":"https:\/\/revealing-project.eu\/pt-pt\/wp-json\/wp\/v2\/product"}],"about":[{"href":"https:\/\/revealing-project.eu\/pt-pt\/wp-json\/wp\/v2\/types\/product"}],"wp:featuredmedia":[{"embeddable":true,"href":"https:\/\/revealing-project.eu\/pt-pt\/wp-json\/wp\/v2\/media\/4741"}],"wp:attachment":[{"href":"https:\/\/revealing-project.eu\/pt-pt\/wp-json\/wp\/v2\/media?parent=5873"}],"wp:term":[{"taxonomy":"product_cat","embeddable":true,"href":"https:\/\/revealing-project.eu\/pt-pt\/wp-json\/wp\/v2\/product_cat?post=5873"},{"taxonomy":"product_tag","embeddable":true,"href":"https:\/\/revealing-project.eu\/pt-pt\/wp-json\/wp\/v2\/product_tag?post=5873"}],"curies":[{"name":"wp","href":"https:\/\/api.w.org\/{rel}","templated":true}]}}