{"id":5874,"date":"2023-07-21T16:26:35","date_gmt":"2023-07-21T13:26:35","guid":{"rendered":"https:\/\/revealing-project.eu\/product\/estudo-da-lingua-japonesa%ef%bc%88wip%ef%bc%89\/"},"modified":"2023-07-21T16:26:37","modified_gmt":"2023-07-21T13:26:37","slug":"estudo-da-lingua-japonesa%ef%bc%88wip%ef%bc%89","status":"publish","type":"product","link":"https:\/\/revealing-project.eu\/pt-pt\/produto\/estudo-da-lingua-japonesa%ef%bc%88wip%ef%bc%89\/","title":{"rendered":"Estudo da L\u00edngua Japonesa\uff08WIP\uff09"},"content":{"rendered":"<p>O mundo &#8220;Estudo da L\u00edngua Japonesa (WIP)&#8221; no VRChat \u00e9 um ambiente de realidade virtual para aprender e praticar japon\u00eas. Assemelha-se a uma escola secund\u00e1ria japonesa e permite aos utilizadores interagir com nativos e outros estudantes para praticar a oralidade.<\/p>\n","protected":false},"excerpt":{"rendered":"<p><a class=\"linkbutton\" href=\"https:\/\/vrchat.com\/home\/world\/wrld_bd80d295-7392-481a-9fba-53e708588cd2 \"target=_blank\" rel=\"noopener\">Website<\/a><\/p>\n","protected":false},"featured_media":4736,"template":"","meta":[],"product_cat":[234],"product_tag":[],"_links":{"self":[{"href":"https:\/\/revealing-project.eu\/pt-pt\/wp-json\/wp\/v2\/product\/5874"}],"collection":[{"href":"https:\/\/revealing-project.eu\/pt-pt\/wp-json\/wp\/v2\/product"}],"about":[{"href":"https:\/\/revealing-project.eu\/pt-pt\/wp-json\/wp\/v2\/types\/product"}],"wp:featuredmedia":[{"embeddable":true,"href":"https:\/\/revealing-project.eu\/pt-pt\/wp-json\/wp\/v2\/media\/4736"}],"wp:attachment":[{"href":"https:\/\/revealing-project.eu\/pt-pt\/wp-json\/wp\/v2\/media?parent=5874"}],"wp:term":[{"taxonomy":"product_cat","embeddable":true,"href":"https:\/\/revealing-project.eu\/pt-pt\/wp-json\/wp\/v2\/product_cat?post=5874"},{"taxonomy":"product_tag","embeddable":true,"href":"https:\/\/revealing-project.eu\/pt-pt\/wp-json\/wp\/v2\/product_tag?post=5874"}],"curies":[{"name":"wp","href":"https:\/\/api.w.org\/{rel}","templated":true}]}}