{"id":5877,"date":"2023-07-21T16:26:35","date_gmt":"2023-07-21T13:26:35","guid":{"rendered":"https:\/\/revealing-project.eu\/product\/filosofia-local\/"},"modified":"2023-07-21T16:26:37","modified_gmt":"2023-07-21T13:26:37","slug":"filosofia-local","status":"publish","type":"product","link":"https:\/\/revealing-project.eu\/pt-pt\/produto\/filosofia-local\/","title":{"rendered":"Filosofia Local"},"content":{"rendered":"<p>&#8220;Filosofia Local&#8221; \u00e9 um mundo no VRChat que proporciona aos utilizadores um espa\u00e7o virtual para participar em discuss\u00f5es filos\u00f3ficas e explorar temas filos\u00f3ficos num ambiente de realidade virtual.<\/p>\n","protected":false},"excerpt":{"rendered":"<p><a class=\"linkbutton\" href=\"https:\/\/vrchat.com\/home\/world\/wrld_14fa15b4-2ee6-4086-8213-f6375c60522e \"target=_blank\" rel=\"noopener\">Website<\/a><\/p>\n","protected":false},"featured_media":4756,"template":"","meta":[],"product_cat":[234],"product_tag":[],"_links":{"self":[{"href":"https:\/\/revealing-project.eu\/pt-pt\/wp-json\/wp\/v2\/product\/5877"}],"collection":[{"href":"https:\/\/revealing-project.eu\/pt-pt\/wp-json\/wp\/v2\/product"}],"about":[{"href":"https:\/\/revealing-project.eu\/pt-pt\/wp-json\/wp\/v2\/types\/product"}],"wp:featuredmedia":[{"embeddable":true,"href":"https:\/\/revealing-project.eu\/pt-pt\/wp-json\/wp\/v2\/media\/4756"}],"wp:attachment":[{"href":"https:\/\/revealing-project.eu\/pt-pt\/wp-json\/wp\/v2\/media?parent=5877"}],"wp:term":[{"taxonomy":"product_cat","embeddable":true,"href":"https:\/\/revealing-project.eu\/pt-pt\/wp-json\/wp\/v2\/product_cat?post=5877"},{"taxonomy":"product_tag","embeddable":true,"href":"https:\/\/revealing-project.eu\/pt-pt\/wp-json\/wp\/v2\/product_tag?post=5877"}],"curies":[{"name":"wp","href":"https:\/\/api.w.org\/{rel}","templated":true}]}}