{"id":5878,"date":"2023-07-21T16:26:35","date_gmt":"2023-07-21T13:26:35","guid":{"rendered":"https:\/\/revealing-project.eu\/product\/escritorio-de-negocios\/"},"modified":"2023-07-21T16:26:38","modified_gmt":"2023-07-21T13:26:38","slug":"escritorio-de-negocios","status":"publish","type":"product","link":"https:\/\/revealing-project.eu\/pt-pt\/produto\/escritorio-de-negocios\/","title":{"rendered":"Escrit\u00f3rio de Neg\u00f3cios"},"content":{"rendered":"<p>O mundo &#8220;Escrit\u00f3rio de Neg\u00f3cios&#8221; no VRChat \u00e9 um ambiente de realidade virtual que simula um espa\u00e7o de escrit\u00f3rio corporativo moderno, proporcionando aos utilizadores a oportunidade de interpretar v\u00e1rias atividades relacionadas aos neg\u00f3cios, como reuni\u00f5es, apresenta\u00e7\u00f5es e sess\u00f5es de brainstorming.<\/p>\n","protected":false},"excerpt":{"rendered":"<p><a class=\"linkbutton\" href=\"https:\/\/vrchat.com\/home\/world\/wrld_4c175542-be96-469a-8048-deffaf3595ed \"target=_blank\" rel=\"noopener\">Website<\/a><\/p>\n","protected":false},"featured_media":4751,"template":"","meta":[],"product_cat":[234],"product_tag":[],"_links":{"self":[{"href":"https:\/\/revealing-project.eu\/pt-pt\/wp-json\/wp\/v2\/product\/5878"}],"collection":[{"href":"https:\/\/revealing-project.eu\/pt-pt\/wp-json\/wp\/v2\/product"}],"about":[{"href":"https:\/\/revealing-project.eu\/pt-pt\/wp-json\/wp\/v2\/types\/product"}],"wp:featuredmedia":[{"embeddable":true,"href":"https:\/\/revealing-project.eu\/pt-pt\/wp-json\/wp\/v2\/media\/4751"}],"wp:attachment":[{"href":"https:\/\/revealing-project.eu\/pt-pt\/wp-json\/wp\/v2\/media?parent=5878"}],"wp:term":[{"taxonomy":"product_cat","embeddable":true,"href":"https:\/\/revealing-project.eu\/pt-pt\/wp-json\/wp\/v2\/product_cat?post=5878"},{"taxonomy":"product_tag","embeddable":true,"href":"https:\/\/revealing-project.eu\/pt-pt\/wp-json\/wp\/v2\/product_tag?post=5878"}],"curies":[{"name":"wp","href":"https:\/\/api.w.org\/{rel}","templated":true}]}}