{"id":5879,"date":"2023-07-21T16:26:35","date_gmt":"2023-07-21T13:26:35","guid":{"rendered":"https:\/\/revealing-project.eu\/product\/astronomia-de-vientiane\/"},"modified":"2023-07-21T16:26:38","modified_gmt":"2023-07-21T13:26:38","slug":"astronomia-de-vientiane","status":"publish","type":"product","link":"https:\/\/revealing-project.eu\/pt-pt\/produto\/astronomia-de-vientiane\/","title":{"rendered":"Astronomia de Vientiane"},"content":{"rendered":"<p>&#8220;Vientiane Astronomy&#8221; \u00e9 um mundo no VRChat que replica um observat\u00f3rio, oferecendo aos utilizadores uma experi\u00eancia espacial educativa e visualmente envolvente. Com recursos como telesc\u00f3pios, constela\u00e7\u00f5es e atividades de observa\u00e7\u00e3o de estrelas, Vientiane Astronomy \u00e9 um destino perfeito para entusiastas do espa\u00e7o explorarem e aprenderem sobre o universo.<\/p>\n","protected":false},"excerpt":{"rendered":"<p><a class=\"linkbutton\" href=\"https:\/\/vrchat.com\/home\/world\/wrld_a78db717-d811-4e15-a2e0-31f4ab2d87aa \"target=_blank\" rel=\"noopener\">Website<\/a><\/p>\n","protected":false},"featured_media":4746,"template":"","meta":[],"product_cat":[234],"product_tag":[],"_links":{"self":[{"href":"https:\/\/revealing-project.eu\/pt-pt\/wp-json\/wp\/v2\/product\/5879"}],"collection":[{"href":"https:\/\/revealing-project.eu\/pt-pt\/wp-json\/wp\/v2\/product"}],"about":[{"href":"https:\/\/revealing-project.eu\/pt-pt\/wp-json\/wp\/v2\/types\/product"}],"wp:featuredmedia":[{"embeddable":true,"href":"https:\/\/revealing-project.eu\/pt-pt\/wp-json\/wp\/v2\/media\/4746"}],"wp:attachment":[{"href":"https:\/\/revealing-project.eu\/pt-pt\/wp-json\/wp\/v2\/media?parent=5879"}],"wp:term":[{"taxonomy":"product_cat","embeddable":true,"href":"https:\/\/revealing-project.eu\/pt-pt\/wp-json\/wp\/v2\/product_cat?post=5879"},{"taxonomy":"product_tag","embeddable":true,"href":"https:\/\/revealing-project.eu\/pt-pt\/wp-json\/wp\/v2\/product_tag?post=5879"}],"curies":[{"name":"wp","href":"https:\/\/api.w.org\/{rel}","templated":true}]}}