{"id":5881,"date":"2023-07-21T16:26:35","date_gmt":"2023-07-21T13:26:35","guid":{"rendered":"https:\/\/revealing-project.eu\/product\/sistema-de-pesca-system-vrchat-udon\/"},"modified":"2023-07-21T16:26:38","modified_gmt":"2023-07-21T13:26:38","slug":"sistema-de-pesca-system-vrchat-udon","status":"publish","type":"product","link":"https:\/\/revealing-project.eu\/pt-pt\/produto\/sistema-de-pesca-system-vrchat-udon\/","title":{"rendered":"Sistema de Pesca-System-VRChat-Udon"},"content":{"rendered":"<p>&#8220;Fishinh-System-VRChat-Udon&#8221; \u00e9 um sistema de pesca personalizado projetado para uso no VRChat. Utilizando Udon, a linguagem de programa\u00e7\u00e3o do VRChat, este sistema permite que os utilizadores pesquem dentro do ambiente de realidade virtual do VRChat. O sistema inclui v\u00e1rias funcionalidades, como a capacidade de capturar diferentes tipos de peixes, ajustar tipos de isco e configurar diferentes locais de pesca. Com a sua experi\u00eancia realista e imersiva de pesca, o &#8220;Fishinh-System-VRChat-Udon&#8221; \u00e9 uma forma divertida e \u00fanica de passar o tempo no VRChat.<\/p>\n","protected":false},"excerpt":{"rendered":"<p><a class=\"linkbutton\" href=\"https:\/\/github.com\/twofist\/Fishing-System-VRChat-Udon\"target=_blank rel=\"noopener\">Website<\/a><\/p>\n","protected":false},"featured_media":4814,"template":"","meta":[],"product_cat":[233],"product_tag":[],"_links":{"self":[{"href":"https:\/\/revealing-project.eu\/pt-pt\/wp-json\/wp\/v2\/product\/5881"}],"collection":[{"href":"https:\/\/revealing-project.eu\/pt-pt\/wp-json\/wp\/v2\/product"}],"about":[{"href":"https:\/\/revealing-project.eu\/pt-pt\/wp-json\/wp\/v2\/types\/product"}],"wp:featuredmedia":[{"embeddable":true,"href":"https:\/\/revealing-project.eu\/pt-pt\/wp-json\/wp\/v2\/media\/4814"}],"wp:attachment":[{"href":"https:\/\/revealing-project.eu\/pt-pt\/wp-json\/wp\/v2\/media?parent=5881"}],"wp:term":[{"taxonomy":"product_cat","embeddable":true,"href":"https:\/\/revealing-project.eu\/pt-pt\/wp-json\/wp\/v2\/product_cat?post=5881"},{"taxonomy":"product_tag","embeddable":true,"href":"https:\/\/revealing-project.eu\/pt-pt\/wp-json\/wp\/v2\/product_tag?post=5881"}],"curies":[{"name":"wp","href":"https:\/\/api.w.org\/{rel}","templated":true}]}}