{"id":5882,"date":"2023-07-21T16:26:35","date_gmt":"2023-07-21T13:26:35","guid":{"rendered":"https:\/\/revealing-project.eu\/product\/vrc-raycast-laser\/"},"modified":"2023-07-21T16:26:39","modified_gmt":"2023-07-21T13:26:39","slug":"vrc-raycast-laser","status":"publish","type":"product","link":"https:\/\/revealing-project.eu\/pt-pt\/produto\/vrc-raycast-laser\/","title":{"rendered":"VRC-Raycast-Laser"},"content":{"rendered":"<p>O &#8220;VRC-Raycast-Laser&#8221; \u00e9 uma ferramenta personalizada desenvolvida para ser utilizana no VRChat que permite aos utilizadores criar lasers e apontadores dentro do ambiente de realidade virtual. A ferramenta utiliza raycasting para criar feixes de laser com apar\u00eancia realista e permite o ajuste de v\u00e1rias configura\u00e7\u00f5es, incluindo cor, comprimento e espessura do laser. Al\u00e9m disso, o VRC-Raycast-Laser inclui uma funcionalidade de apontadores que permite aos utilizadores criar e exibir v\u00e1rios pontos dentro do ambiente de RV, sendo \u00fatil para apresenta\u00e7\u00f5es e fins educativos. Com sua interface f\u00e1cil de usar e configura\u00e7\u00f5es personaliz\u00e1veis, o VRC-Raycast-Laser \u00e9 uma \u00f3tima ferramenta para quem deseja adicionar um elemento \u00fanico e interativo \u00e0 sua experi\u00eancia no VRChat.<\/p>\n","protected":false},"excerpt":{"rendered":"<p><a class=\"linkbutton\" href=\"https:\/\/github.com\/Pokeyi\/VRC-Raycast-Laser\"target=_blank rel=\"noopener\">Website<\/a><\/p>\n","protected":false},"featured_media":4819,"template":"","meta":[],"product_cat":[233],"product_tag":[],"_links":{"self":[{"href":"https:\/\/revealing-project.eu\/pt-pt\/wp-json\/wp\/v2\/product\/5882"}],"collection":[{"href":"https:\/\/revealing-project.eu\/pt-pt\/wp-json\/wp\/v2\/product"}],"about":[{"href":"https:\/\/revealing-project.eu\/pt-pt\/wp-json\/wp\/v2\/types\/product"}],"wp:featuredmedia":[{"embeddable":true,"href":"https:\/\/revealing-project.eu\/pt-pt\/wp-json\/wp\/v2\/media\/4819"}],"wp:attachment":[{"href":"https:\/\/revealing-project.eu\/pt-pt\/wp-json\/wp\/v2\/media?parent=5882"}],"wp:term":[{"taxonomy":"product_cat","embeddable":true,"href":"https:\/\/revealing-project.eu\/pt-pt\/wp-json\/wp\/v2\/product_cat?post=5882"},{"taxonomy":"product_tag","embeddable":true,"href":"https:\/\/revealing-project.eu\/pt-pt\/wp-json\/wp\/v2\/product_tag?post=5882"}],"curies":[{"name":"wp","href":"https:\/\/api.w.org\/{rel}","templated":true}]}}