{"id":5883,"date":"2023-07-21T16:26:35","date_gmt":"2023-07-21T13:26:35","guid":{"rendered":"https:\/\/revealing-project.eu\/product\/readyplayer-me\/"},"modified":"2023-07-21T16:26:39","modified_gmt":"2023-07-21T13:26:39","slug":"readyplayer-me","status":"publish","type":"product","link":"https:\/\/revealing-project.eu\/pt-pt\/produto\/readyplayer-me\/","title":{"rendered":"Readyplayer.me"},"content":{"rendered":"<p>O Readyplayer.me \u00e9 uma plataforma online que permite aos utilizadores criar avatares personalizados de forma r\u00e1pida e f\u00e1cil para uso no VRChat e outros ambientes virtuais. A plataforma inclui uma variedade de modelos 3D e texturas pr\u00e9-fabricadas que podem ser combinados para criar um avatar \u00fanico. Al\u00e9m disso, os utilizadores podem fazer o upload das suas pr\u00f3prias imagens e utiliz\u00e1-las para personalizar ainda mais o seu avatar. O Readyplayer.me \u00e9 gratuito e n\u00e3o requer nenhum software especial ou conhecimento t\u00e9cnico, sendo uma \u00f3tima op\u00e7\u00e3o para utilizadores que desejam uma forma simples e r\u00e1pida de criar um avatar personalizado.<\/p>\n","protected":false},"excerpt":{"rendered":"<p><a class=\"linkbutton\" href=\"https:\/\/readyplayer.me\/pt\"target=_blank rel=\"noopener\">Website<\/a><\/p>\n","protected":false},"featured_media":4824,"template":"","meta":[],"product_cat":[233],"product_tag":[],"_links":{"self":[{"href":"https:\/\/revealing-project.eu\/pt-pt\/wp-json\/wp\/v2\/product\/5883"}],"collection":[{"href":"https:\/\/revealing-project.eu\/pt-pt\/wp-json\/wp\/v2\/product"}],"about":[{"href":"https:\/\/revealing-project.eu\/pt-pt\/wp-json\/wp\/v2\/types\/product"}],"wp:featuredmedia":[{"embeddable":true,"href":"https:\/\/revealing-project.eu\/pt-pt\/wp-json\/wp\/v2\/media\/4824"}],"wp:attachment":[{"href":"https:\/\/revealing-project.eu\/pt-pt\/wp-json\/wp\/v2\/media?parent=5883"}],"wp:term":[{"taxonomy":"product_cat","embeddable":true,"href":"https:\/\/revealing-project.eu\/pt-pt\/wp-json\/wp\/v2\/product_cat?post=5883"},{"taxonomy":"product_tag","embeddable":true,"href":"https:\/\/revealing-project.eu\/pt-pt\/wp-json\/wp\/v2\/product_tag?post=5883"}],"curies":[{"name":"wp","href":"https:\/\/api.w.org\/{rel}","templated":true}]}}