{"id":5884,"date":"2023-07-21T16:26:35","date_gmt":"2023-07-21T13:26:35","guid":{"rendered":"https:\/\/revealing-project.eu\/product\/crie-autocolantes-para-o-telegram-a-partir-do-seu-avatar-do-vrchat\/"},"modified":"2023-07-21T16:26:40","modified_gmt":"2023-07-21T13:26:40","slug":"crie-autocolantes-para-o-telegram-a-partir-do-seu-avatar-do-vrchat","status":"publish","type":"product","link":"https:\/\/revealing-project.eu\/pt-pt\/produto\/crie-autocolantes-para-o-telegram-a-partir-do-seu-avatar-do-vrchat\/","title":{"rendered":"Crie autocolantes para o Telegram a partir do seu avatar do VRChat"},"content":{"rendered":"<p>A ferramenta &#8220;Crie autocolantes do Telegram a partir do seu avatar do VRChat&#8221; \u00e9 uma forma simples e divertida de transformar o seu avatar do VRChat em autocolantes personalizados que podem ser usados em conversas do Telegram. Utilizando a ferramenta, pode utilizar uma imagem do avatar no VRChat e, em seguida, recortar e editar a imagem para criar um autocolantes \u00fanicos e expressivos. A ferramenta \u00e9 f\u00e1cil de utilizar e n\u00e3o requer habilidades ou conhecimentos especiais, tornando-a acess\u00edvel a utilizadores de todos os n\u00edveis de experi\u00eancia.<\/p>\n","protected":false},"excerpt":{"rendered":"<p><a class=\"linkbutton\" href=\"https:\/\/www.vrcarena.com\/assets\/9b376723-8690-4065-90e1-5702e16c1489\"target=_blank rel=\"noopener\">Website<\/a><\/p>\n","protected":false},"featured_media":4829,"template":"","meta":[],"product_cat":[233],"product_tag":[],"_links":{"self":[{"href":"https:\/\/revealing-project.eu\/pt-pt\/wp-json\/wp\/v2\/product\/5884"}],"collection":[{"href":"https:\/\/revealing-project.eu\/pt-pt\/wp-json\/wp\/v2\/product"}],"about":[{"href":"https:\/\/revealing-project.eu\/pt-pt\/wp-json\/wp\/v2\/types\/product"}],"wp:featuredmedia":[{"embeddable":true,"href":"https:\/\/revealing-project.eu\/pt-pt\/wp-json\/wp\/v2\/media\/4829"}],"wp:attachment":[{"href":"https:\/\/revealing-project.eu\/pt-pt\/wp-json\/wp\/v2\/media?parent=5884"}],"wp:term":[{"taxonomy":"product_cat","embeddable":true,"href":"https:\/\/revealing-project.eu\/pt-pt\/wp-json\/wp\/v2\/product_cat?post=5884"},{"taxonomy":"product_tag","embeddable":true,"href":"https:\/\/revealing-project.eu\/pt-pt\/wp-json\/wp\/v2\/product_tag?post=5884"}],"curies":[{"name":"wp","href":"https:\/\/api.w.org\/{rel}","templated":true}]}}