{"id":5885,"date":"2023-07-21T16:26:35","date_gmt":"2023-07-21T13:26:35","guid":{"rendered":"https:\/\/revealing-project.eu\/product\/instalador-de-complementos-vrc\/"},"modified":"2023-07-21T16:26:41","modified_gmt":"2023-07-21T13:26:41","slug":"instalador-de-complementos-vrc","status":"publish","type":"product","link":"https:\/\/revealing-project.eu\/pt-pt\/produto\/instalador-de-complementos-vrc\/","title":{"rendered":"Instalador de Complementos VRC"},"content":{"rendered":"<p>O VRC Addon Installer \u00e9 uma ferramenta \u00fatil que simplifica o processo de instala\u00e7\u00e3o de complementos para o VRChat. Com esta ferramenta, os utilizadores podem facilmente navegar por uma biblioteca de complementos para o VRChat e instal\u00e1-los com apenas alguns cliques. A ferramenta foi projetada para ser f\u00e1cil de usar e intuitiva, mesmo para utilizadores novos no VRChat ou com pouca experi\u00eancia t\u00e9cnica. Al\u00e9m disso, o VRC Addon Installer inclui recursos como atualiza\u00e7\u00f5es autom\u00e1ticas, para que os utilizadores possam ter sempre as vers\u00f5es mais recentes dos seus complementos instalados. No geral, o VRC Addon Installer pode ser uma ferramenta valiosa para qualquer pessoa que queira melhorar a sua experi\u00eancia no VRChat com funcionalidades e recursos adicionais.<\/p>\n","protected":false},"excerpt":{"rendered":"<p><a class=\"linkbutton\" href=\"https:\/\/www.vrcarena.com\/assets\/2c0fa4df-8d6b-4b38-bf2f-2df685b89b09\"target=_blank rel=\"noopener\">Website<\/a><\/p>\n","protected":false},"featured_media":4829,"template":"","meta":[],"product_cat":[233],"product_tag":[],"_links":{"self":[{"href":"https:\/\/revealing-project.eu\/pt-pt\/wp-json\/wp\/v2\/product\/5885"}],"collection":[{"href":"https:\/\/revealing-project.eu\/pt-pt\/wp-json\/wp\/v2\/product"}],"about":[{"href":"https:\/\/revealing-project.eu\/pt-pt\/wp-json\/wp\/v2\/types\/product"}],"wp:featuredmedia":[{"embeddable":true,"href":"https:\/\/revealing-project.eu\/pt-pt\/wp-json\/wp\/v2\/media\/4829"}],"wp:attachment":[{"href":"https:\/\/revealing-project.eu\/pt-pt\/wp-json\/wp\/v2\/media?parent=5885"}],"wp:term":[{"taxonomy":"product_cat","embeddable":true,"href":"https:\/\/revealing-project.eu\/pt-pt\/wp-json\/wp\/v2\/product_cat?post=5885"},{"taxonomy":"product_tag","embeddable":true,"href":"https:\/\/revealing-project.eu\/pt-pt\/wp-json\/wp\/v2\/product_tag?post=5885"}],"curies":[{"name":"wp","href":"https:\/\/api.w.org\/{rel}","templated":true}]}}