{"id":5886,"date":"2023-07-21T16:26:35","date_gmt":"2023-07-21T13:26:35","guid":{"rendered":"https:\/\/revealing-project.eu\/product\/predefinicoes-mundiais-vrc\/"},"modified":"2023-07-21T16:26:41","modified_gmt":"2023-07-21T13:26:41","slug":"predefinicoes-mundiais-vrc","status":"publish","type":"product","link":"https:\/\/revealing-project.eu\/pt-pt\/produto\/predefinicoes-mundiais-vrc\/","title":{"rendered":"Predefini\u00e7\u00f5es Mundiais VRC"},"content":{"rendered":"<p>Os &#8220;VRC World Prefabs&#8221; s\u00e3o mundos pr\u00e9-constru\u00eddos do VRChat que os criadores podem utilizar como ponto de partida para as suas pr\u00f3prias cria\u00e7\u00f5es. Estes prefabs s\u00e3o disponibilizados pelo VRChat e incluem uma variedade de tipos diferentes de mundos, como discotecas, paisagens de fantasia e ambientes de fic\u00e7\u00e3o cient\u00edfica. S\u00e3o projetados para serem f\u00e1ceis de usar e personalizar, permitindo que os criadores modifiquem e adicionem os seus pr\u00f3prios elementos ao mundo para criar uma experi\u00eancia \u00fanica. Os &#8220;VRC World Prefabs&#8221; podem ser uma ferramenta \u00fatil para os criadores do VRChat que procuram poupar tempo e come\u00e7ar com um mundo pr\u00e9-constru\u00eddo que pode ser modificado de acordo com as suas necessidades. Al\u00e9m disso, podem ser um recurso valioso para os utilizadores do VRChat que procuram novos e interessantes mundos para explorar dentro da plataforma.<\/p>\n","protected":false},"excerpt":{"rendered":"<p><a class=\"linkbutton\" href=\"https:\/\/vrcprefabs.com\"target=_blank rel=\"noopener\">Website<\/a><\/p>\n","protected":false},"featured_media":4834,"template":"","meta":[],"product_cat":[233],"product_tag":[],"_links":{"self":[{"href":"https:\/\/revealing-project.eu\/pt-pt\/wp-json\/wp\/v2\/product\/5886"}],"collection":[{"href":"https:\/\/revealing-project.eu\/pt-pt\/wp-json\/wp\/v2\/product"}],"about":[{"href":"https:\/\/revealing-project.eu\/pt-pt\/wp-json\/wp\/v2\/types\/product"}],"wp:featuredmedia":[{"embeddable":true,"href":"https:\/\/revealing-project.eu\/pt-pt\/wp-json\/wp\/v2\/media\/4834"}],"wp:attachment":[{"href":"https:\/\/revealing-project.eu\/pt-pt\/wp-json\/wp\/v2\/media?parent=5886"}],"wp:term":[{"taxonomy":"product_cat","embeddable":true,"href":"https:\/\/revealing-project.eu\/pt-pt\/wp-json\/wp\/v2\/product_cat?post=5886"},{"taxonomy":"product_tag","embeddable":true,"href":"https:\/\/revealing-project.eu\/pt-pt\/wp-json\/wp\/v2\/product_tag?post=5886"}],"curies":[{"name":"wp","href":"https:\/\/api.w.org\/{rel}","templated":true}]}}