{"id":5887,"date":"2023-07-21T16:26:35","date_gmt":"2023-07-21T13:26:35","guid":{"rendered":"https:\/\/revealing-project.eu\/product\/vrcx\/"},"modified":"2023-07-21T16:26:41","modified_gmt":"2023-07-21T13:26:41","slug":"vrcx","status":"publish","type":"product","link":"https:\/\/revealing-project.eu\/pt-pt\/produto\/vrcx\/","title":{"rendered":"VRCX"},"content":{"rendered":"<p>O VRCX \u00e9 uma ferramenta para o VRChat que oferece v\u00e1rios recursos e funcionalidades aos utilizadores. Foi desenvolvida para melhorar a experi\u00eancia do utilizador, oferecendo recursos como o bloqueio e silencio autom\u00e1tico de jogadores espec\u00edficos, estat\u00edsticas detalhadas de desempenho e a capacidade de visualizar e descarregar avatares e mundos de dentro da aplica\u00e7\u00e3o. O VRCX tamb\u00e9m inclui um sistema de amigos que permite aos utilizadores gerir a sua lista de amigos do VRChat, ver o status online e saber em que mundo se encontram. No geral, o VRCX pode ser uma ferramenta \u00fatil para os utilizadores do VRChat que desejam otimizar a sua experi\u00eancia e aceder a recursos e informa\u00e7\u00f5es adicionais que n\u00e3o est\u00e3o dispon\u00edveis na aplica\u00e7\u00e3o base do VRChat.<\/p>\n","protected":false},"excerpt":{"rendered":"<p><a class=\"linkbutton\" href=\"https:\/\/github.com\/vrcx-team\/VRCX\"target=_blank rel=\"noopener\">Website<\/a><\/p>\n","protected":false},"featured_media":4834,"template":"","meta":[],"product_cat":[233],"product_tag":[],"_links":{"self":[{"href":"https:\/\/revealing-project.eu\/pt-pt\/wp-json\/wp\/v2\/product\/5887"}],"collection":[{"href":"https:\/\/revealing-project.eu\/pt-pt\/wp-json\/wp\/v2\/product"}],"about":[{"href":"https:\/\/revealing-project.eu\/pt-pt\/wp-json\/wp\/v2\/types\/product"}],"wp:featuredmedia":[{"embeddable":true,"href":"https:\/\/revealing-project.eu\/pt-pt\/wp-json\/wp\/v2\/media\/4834"}],"wp:attachment":[{"href":"https:\/\/revealing-project.eu\/pt-pt\/wp-json\/wp\/v2\/media?parent=5887"}],"wp:term":[{"taxonomy":"product_cat","embeddable":true,"href":"https:\/\/revealing-project.eu\/pt-pt\/wp-json\/wp\/v2\/product_cat?post=5887"},{"taxonomy":"product_tag","embeddable":true,"href":"https:\/\/revealing-project.eu\/pt-pt\/wp-json\/wp\/v2\/product_tag?post=5887"}],"curies":[{"name":"wp","href":"https:\/\/api.w.org\/{rel}","templated":true}]}}