{"id":5888,"date":"2023-07-21T16:26:35","date_gmt":"2023-07-21T13:26:35","guid":{"rendered":"https:\/\/revealing-project.eu\/product\/vrcoscspotify\/"},"modified":"2023-07-21T16:26:42","modified_gmt":"2023-07-21T13:26:42","slug":"vrcoscspotify","status":"publish","type":"product","link":"https:\/\/revealing-project.eu\/pt-pt\/produto\/vrcoscspotify\/","title":{"rendered":"VRCOSCSpotify"},"content":{"rendered":"<p>O &#8220;VRCOSCSpotify&#8221; \u00e9 uma ferramenta que permite aos criadores do VRChat integrar m\u00fasicas do Spotify nos mundos do VRChat. Com o VRCOSCSpotify, os criadores podem utilizar mensagens OSC (Open Sound Control) para controlar a reprodu\u00e7\u00e3o do Spotify dentro do VRChat. Isso proporciona uma experi\u00eancia mais imersiva, onde os utilizadores podem ouvir m\u00fasica enquanto exploram um mundo personalizado do VRChat. O VRCOSCSpotify tamb\u00e9m inclui recursos para personalizar os comandos de reprodu\u00e7\u00e3o e criar listas de reprodu\u00e7\u00e3o.<\/p>\n","protected":false},"excerpt":{"rendered":"<p><a class=\"linkbutton\" href=\"https:\/\/github.com\/lenoobwastaken\/VRCOSCUtils\"target=_blank rel=\"noopener\">Website<\/a><\/p>\n","protected":false},"featured_media":4478,"template":"","meta":[],"product_cat":[233],"product_tag":[],"_links":{"self":[{"href":"https:\/\/revealing-project.eu\/pt-pt\/wp-json\/wp\/v2\/product\/5888"}],"collection":[{"href":"https:\/\/revealing-project.eu\/pt-pt\/wp-json\/wp\/v2\/product"}],"about":[{"href":"https:\/\/revealing-project.eu\/pt-pt\/wp-json\/wp\/v2\/types\/product"}],"wp:featuredmedia":[{"embeddable":true,"href":"https:\/\/revealing-project.eu\/pt-pt\/wp-json\/wp\/v2\/media\/4478"}],"wp:attachment":[{"href":"https:\/\/revealing-project.eu\/pt-pt\/wp-json\/wp\/v2\/media?parent=5888"}],"wp:term":[{"taxonomy":"product_cat","embeddable":true,"href":"https:\/\/revealing-project.eu\/pt-pt\/wp-json\/wp\/v2\/product_cat?post=5888"},{"taxonomy":"product_tag","embeddable":true,"href":"https:\/\/revealing-project.eu\/pt-pt\/wp-json\/wp\/v2\/product_tag?post=5888"}],"curies":[{"name":"wp","href":"https:\/\/api.w.org\/{rel}","templated":true}]}}