{"id":5889,"date":"2023-07-21T16:26:43","date_gmt":"2023-07-21T13:26:43","guid":{"rendered":"https:\/\/revealing-project.eu\/product\/vrctextboxosc\/"},"modified":"2023-07-21T16:26:43","modified_gmt":"2023-07-21T13:26:43","slug":"vrctextboxosc","status":"publish","type":"product","link":"https:\/\/revealing-project.eu\/pt-pt\/produto\/vrctextboxosc\/","title":{"rendered":"VRCTextboxOSC"},"content":{"rendered":"<p>O &#8220;VRCTextboxOSC&#8221; \u00e9 uma ferramenta que permite aos criadores do VRChat receber mensagens OSC (Open Sound Control) de fontes externas e exibi-las como texto dentro do VRChat. Esta ferramenta \u00e9 particularmente \u00fatil para fins educativos, pois permite a comunica\u00e7\u00e3o em tempo real entre uma aplica\u00e7\u00e3o externa (como um software de apresenta\u00e7\u00e3o ou ambiente de programa\u00e7\u00e3o) e o VRChat. O VRCTextboxOSC disponibiliza uma caixa de texto personaliz\u00e1vel que pode ser posicionada e redimencionada dentro dos mundos do VRChat, e suporta v\u00e1rias op\u00e7\u00f5es de formata\u00e7\u00e3o de texto. Esta ferramenta abre possibilidades para experi\u00eancias educativas interativas dentro do VRChat, onde os estudantes podem aprender e comunicar-se uns com os outros e com os instrutores em tempo real.<\/p>\n","protected":false},"excerpt":{"rendered":"<p><a class=\"linkbutton\" href=\"https:\/\/github.com\/I5UCC\/VRCTextboxOSC\"target=_blank rel=\"noopener\">Website<\/a><\/p>\n","protected":false},"featured_media":4483,"template":"","meta":[],"product_cat":[233],"product_tag":[],"_links":{"self":[{"href":"https:\/\/revealing-project.eu\/pt-pt\/wp-json\/wp\/v2\/product\/5889"}],"collection":[{"href":"https:\/\/revealing-project.eu\/pt-pt\/wp-json\/wp\/v2\/product"}],"about":[{"href":"https:\/\/revealing-project.eu\/pt-pt\/wp-json\/wp\/v2\/types\/product"}],"wp:featuredmedia":[{"embeddable":true,"href":"https:\/\/revealing-project.eu\/pt-pt\/wp-json\/wp\/v2\/media\/4483"}],"wp:attachment":[{"href":"https:\/\/revealing-project.eu\/pt-pt\/wp-json\/wp\/v2\/media?parent=5889"}],"wp:term":[{"taxonomy":"product_cat","embeddable":true,"href":"https:\/\/revealing-project.eu\/pt-pt\/wp-json\/wp\/v2\/product_cat?post=5889"},{"taxonomy":"product_tag","embeddable":true,"href":"https:\/\/revealing-project.eu\/pt-pt\/wp-json\/wp\/v2\/product_tag?post=5889"}],"curies":[{"name":"wp","href":"https:\/\/api.w.org\/{rel}","templated":true}]}}