{"id":5890,"date":"2023-07-21T16:26:43","date_gmt":"2023-07-21T13:26:43","guid":{"rendered":"https:\/\/revealing-project.eu\/product\/troca-rapida-de-materiais-quickmaterialswap\/"},"modified":"2023-07-21T16:26:44","modified_gmt":"2023-07-21T13:26:44","slug":"troca-rapida-de-materiais-quickmaterialswap","status":"publish","type":"product","link":"https:\/\/revealing-project.eu\/pt-pt\/produto\/troca-rapida-de-materiais-quickmaterialswap\/","title":{"rendered":"Troca R\u00e1pida de Materiais (QuickMaterialSwap)"},"content":{"rendered":"<p>O &#8220;QuickMaterialSwap&#8221; \u00e9 uma ferramenta desenvolvida para simplificar o processo de troca de materiais em objetos dentro do VRChat. Ele permite que os criadores troquem facilmente os materiais com apenas alguns cliques, tornando mais r\u00e1pido e f\u00e1cil fazer altera\u00e7\u00f5es e atualiza\u00e7\u00f5es nos mundos do VRChat. Com o QuickMaterialSwap, os criadores podem selecionar objetos no mundo e substituir os materiais por outros de uma lista pr\u00e9-existente, ou podem importar novos materiais para adicionar \u00e0 lista. Com esta ferramenta pode economizar um tempo significativo e esfor\u00e7o para os criadores, especialmente ao trabalhar em mundos do VRChat grandes e complexos que requerem trocas frequentes de materiais.<\/p>\n","protected":false},"excerpt":{"rendered":"<p><a class=\"linkbutton\" href=\"https:\/\/github.com\/NotAKidOnSteam\/QuickMaterialSwap\"target=_blank rel=\"noopener\">Website<\/a><\/p>\n","protected":false},"featured_media":4443,"template":"","meta":[],"product_cat":[233],"product_tag":[],"_links":{"self":[{"href":"https:\/\/revealing-project.eu\/pt-pt\/wp-json\/wp\/v2\/product\/5890"}],"collection":[{"href":"https:\/\/revealing-project.eu\/pt-pt\/wp-json\/wp\/v2\/product"}],"about":[{"href":"https:\/\/revealing-project.eu\/pt-pt\/wp-json\/wp\/v2\/types\/product"}],"wp:featuredmedia":[{"embeddable":true,"href":"https:\/\/revealing-project.eu\/pt-pt\/wp-json\/wp\/v2\/media\/4443"}],"wp:attachment":[{"href":"https:\/\/revealing-project.eu\/pt-pt\/wp-json\/wp\/v2\/media?parent=5890"}],"wp:term":[{"taxonomy":"product_cat","embeddable":true,"href":"https:\/\/revealing-project.eu\/pt-pt\/wp-json\/wp\/v2\/product_cat?post=5890"},{"taxonomy":"product_tag","embeddable":true,"href":"https:\/\/revealing-project.eu\/pt-pt\/wp-json\/wp\/v2\/product_tag?post=5890"}],"curies":[{"name":"wp","href":"https:\/\/api.w.org\/{rel}","templated":true}]}}