{"id":5891,"date":"2023-07-21T16:26:43","date_gmt":"2023-07-21T13:26:43","guid":{"rendered":"https:\/\/revealing-project.eu\/product\/vrc-yt\/"},"modified":"2023-07-21T16:26:44","modified_gmt":"2023-07-21T13:26:44","slug":"vrc-yt","status":"publish","type":"product","link":"https:\/\/revealing-project.eu\/pt-pt\/produto\/vrc-yt\/","title":{"rendered":"VRC-YT"},"content":{"rendered":"<p>O &#8220;VRC-YT&#8221; \u00e9 um projeto de c\u00f3digo aberto que permite a reprodu\u00e7\u00e3o de v\u00eddeos do YouTube em plataformas cruzadas dentro do VRChat. Ele inclui um pacote de proxy que permite aos utilizadores acederem a v\u00eddeos do YouTube atrav\u00e9s de um proxy p\u00fablico ou hospedar a sua pr\u00f3pria inst\u00e2ncia. Esta ferramenta melhora a experi\u00eancia do VRChat ao permitir que os utilizadores integrem e vejam v\u00eddeos do YouTube facilmente dentro do mundo virtual.<\/p>\n","protected":false},"excerpt":{"rendered":"<p><a class=\"linkbutton\" href=\"https:\/\/github.com\/ShayBox\/VRC-YT\"target=_blank rel=\"noopener\">Website<\/a><\/p>\n","protected":false},"featured_media":4458,"template":"","meta":[],"product_cat":[233],"product_tag":[],"_links":{"self":[{"href":"https:\/\/revealing-project.eu\/pt-pt\/wp-json\/wp\/v2\/product\/5891"}],"collection":[{"href":"https:\/\/revealing-project.eu\/pt-pt\/wp-json\/wp\/v2\/product"}],"about":[{"href":"https:\/\/revealing-project.eu\/pt-pt\/wp-json\/wp\/v2\/types\/product"}],"wp:featuredmedia":[{"embeddable":true,"href":"https:\/\/revealing-project.eu\/pt-pt\/wp-json\/wp\/v2\/media\/4458"}],"wp:attachment":[{"href":"https:\/\/revealing-project.eu\/pt-pt\/wp-json\/wp\/v2\/media?parent=5891"}],"wp:term":[{"taxonomy":"product_cat","embeddable":true,"href":"https:\/\/revealing-project.eu\/pt-pt\/wp-json\/wp\/v2\/product_cat?post=5891"},{"taxonomy":"product_tag","embeddable":true,"href":"https:\/\/revealing-project.eu\/pt-pt\/wp-json\/wp\/v2\/product_tag?post=5891"}],"curies":[{"name":"wp","href":"https:\/\/api.w.org\/{rel}","templated":true}]}}