{"id":5893,"date":"2023-07-21T16:26:43","date_gmt":"2023-07-21T13:26:43","guid":{"rendered":"https:\/\/revealing-project.eu\/product\/vrctextboxosc-2\/"},"modified":"2023-07-21T16:26:45","modified_gmt":"2023-07-21T13:26:45","slug":"vrctextboxosc-2","status":"publish","type":"product","link":"https:\/\/revealing-project.eu\/pt-pt\/produto\/vrctextboxosc-2\/","title":{"rendered":"VRCTextboxOSC"},"content":{"rendered":"<p>&#8220;VRCTextboxOSC&#8221; \u00e9 uma aplica\u00e7\u00e3o que permite a comunica\u00e7\u00e3o com o sistema de chat de texto do VRChat atrav\u00e9s do protocolo Open Sound Control (OSC). Permite que os utilizadores escrevam mensagens numa aplica\u00e7\u00e3o externa e as enviem para o chat de texto do VRChat em tempo real. Isso pode ser \u00fatil se o utilizador achar mais f\u00e1cil escrever num teclado f\u00edsico em vez de utilizar o teclado virtual do jogo.<\/p>\n","protected":false},"excerpt":{"rendered":"<p><a class=\"linkbutton\" href=\"https:\/\/github.com\/I5UCC\/VRCTextboxOSC\"target=_blank rel=\"noopener\">Website<\/a><\/p>\n","protected":false},"featured_media":4483,"template":"","meta":[],"product_cat":[233],"product_tag":[],"_links":{"self":[{"href":"https:\/\/revealing-project.eu\/pt-pt\/wp-json\/wp\/v2\/product\/5893"}],"collection":[{"href":"https:\/\/revealing-project.eu\/pt-pt\/wp-json\/wp\/v2\/product"}],"about":[{"href":"https:\/\/revealing-project.eu\/pt-pt\/wp-json\/wp\/v2\/types\/product"}],"wp:featuredmedia":[{"embeddable":true,"href":"https:\/\/revealing-project.eu\/pt-pt\/wp-json\/wp\/v2\/media\/4483"}],"wp:attachment":[{"href":"https:\/\/revealing-project.eu\/pt-pt\/wp-json\/wp\/v2\/media?parent=5893"}],"wp:term":[{"taxonomy":"product_cat","embeddable":true,"href":"https:\/\/revealing-project.eu\/pt-pt\/wp-json\/wp\/v2\/product_cat?post=5893"},{"taxonomy":"product_tag","embeddable":true,"href":"https:\/\/revealing-project.eu\/pt-pt\/wp-json\/wp\/v2\/product_tag?post=5893"}],"curies":[{"name":"wp","href":"https:\/\/api.w.org\/{rel}","templated":true}]}}