{"id":5895,"date":"2023-07-21T16:26:43","date_gmt":"2023-07-21T13:26:43","guid":{"rendered":"https:\/\/revealing-project.eu\/product\/vrchat-expression-utility\/"},"modified":"2023-07-21T16:26:45","modified_gmt":"2023-07-21T13:26:45","slug":"vrchat-expression-utility","status":"publish","type":"product","link":"https:\/\/revealing-project.eu\/pt-pt\/produto\/vrchat-expression-utility\/","title":{"rendered":"VRChat-Expression-Utility"},"content":{"rendered":"<p>&#8220;VRChat-Expression-Utility&#8221; \u00e9 uma ferramenta de software desenvolvida para simplificar o processo de cria\u00e7\u00e3o de novas express\u00f5es para avatares do VRChat. Em vez de ter que equilibrar manualmente par\u00e2metros, camadas, transi\u00e7\u00f5es e condi\u00e7\u00f5es, a Expression Utility ajuda a simplificar o processo, permitindo que o utilizador se concentre na cria\u00e7\u00e3o das express\u00f5es.<\/p>\n","protected":false},"excerpt":{"rendered":"<p><a class=\"linkbutton\" href=\"https:\/\/github.com\/blepmlem\/VRChat-Expression-Utility\"target=_blank rel=\"noopener\">Website<\/a><\/p>\n","protected":false},"featured_media":4473,"template":"","meta":[],"product_cat":[233],"product_tag":[],"_links":{"self":[{"href":"https:\/\/revealing-project.eu\/pt-pt\/wp-json\/wp\/v2\/product\/5895"}],"collection":[{"href":"https:\/\/revealing-project.eu\/pt-pt\/wp-json\/wp\/v2\/product"}],"about":[{"href":"https:\/\/revealing-project.eu\/pt-pt\/wp-json\/wp\/v2\/types\/product"}],"wp:featuredmedia":[{"embeddable":true,"href":"https:\/\/revealing-project.eu\/pt-pt\/wp-json\/wp\/v2\/media\/4473"}],"wp:attachment":[{"href":"https:\/\/revealing-project.eu\/pt-pt\/wp-json\/wp\/v2\/media?parent=5895"}],"wp:term":[{"taxonomy":"product_cat","embeddable":true,"href":"https:\/\/revealing-project.eu\/pt-pt\/wp-json\/wp\/v2\/product_cat?post=5895"},{"taxonomy":"product_tag","embeddable":true,"href":"https:\/\/revealing-project.eu\/pt-pt\/wp-json\/wp\/v2\/product_tag?post=5895"}],"curies":[{"name":"wp","href":"https:\/\/api.w.org\/{rel}","templated":true}]}}