{"id":5897,"date":"2023-07-21T16:26:43","date_gmt":"2023-07-21T13:26:43","guid":{"rendered":"https:\/\/revealing-project.eu\/product\/remod-core\/"},"modified":"2023-07-21T16:26:46","modified_gmt":"2023-07-21T13:26:46","slug":"remod-core","status":"publish","type":"product","link":"https:\/\/revealing-project.eu\/pt-pt\/produto\/remod-core\/","title":{"rendered":"ReMod.Core"},"content":{"rendered":"<p>&#8220;ReMod.Core&#8221; \u00e9 uma ferramenta que foi usada como uma depend\u00eancia principal para ReMod e ReModCE, que s\u00e3o mods do VRChat criados por RequiDev. Esta ferramenta fornece v\u00e1rias fun\u00e7\u00f5es auxiliares, wrappers e classes de UI para facilitar a cria\u00e7\u00e3o de interfaces de utiliza\u00e7\u00e3o para o VRChat.<\/p>\n","protected":false},"excerpt":{"rendered":"<p><a class=\"linkbutton\" href=\"https:\/\/github.com\/RequiDev\/ReMod.Core\"target=_blank rel=\"noopener\">Website<\/a><\/p>\n","protected":false},"featured_media":4448,"template":"","meta":[],"product_cat":[233],"product_tag":[],"_links":{"self":[{"href":"https:\/\/revealing-project.eu\/pt-pt\/wp-json\/wp\/v2\/product\/5897"}],"collection":[{"href":"https:\/\/revealing-project.eu\/pt-pt\/wp-json\/wp\/v2\/product"}],"about":[{"href":"https:\/\/revealing-project.eu\/pt-pt\/wp-json\/wp\/v2\/types\/product"}],"wp:featuredmedia":[{"embeddable":true,"href":"https:\/\/revealing-project.eu\/pt-pt\/wp-json\/wp\/v2\/media\/4448"}],"wp:attachment":[{"href":"https:\/\/revealing-project.eu\/pt-pt\/wp-json\/wp\/v2\/media?parent=5897"}],"wp:term":[{"taxonomy":"product_cat","embeddable":true,"href":"https:\/\/revealing-project.eu\/pt-pt\/wp-json\/wp\/v2\/product_cat?post=5897"},{"taxonomy":"product_tag","embeddable":true,"href":"https:\/\/revealing-project.eu\/pt-pt\/wp-json\/wp\/v2\/product_tag?post=5897"}],"curies":[{"name":"wp","href":"https:\/\/api.w.org\/{rel}","templated":true}]}}