{"id":5898,"date":"2023-07-21T16:26:43","date_gmt":"2023-07-21T13:26:43","guid":{"rendered":"https:\/\/revealing-project.eu\/product\/dreadscripts\/"},"modified":"2023-07-21T16:26:46","modified_gmt":"2023-07-21T13:26:46","slug":"dreadscripts","status":"publish","type":"product","link":"https:\/\/revealing-project.eu\/pt-pt\/produto\/dreadscripts\/","title":{"rendered":"DreadScripts"},"content":{"rendered":"<p>&#8220;DreadScripts&#8221; \u00e9 uma cole\u00e7\u00e3o de scripts do Unity criados por Dreadrith. Esses scripts s\u00e3o projetados para tornar mais f\u00e1cil trabalhar com o Unity, especialmente para os utilizadores do VRChat. Eles fornecem utilidade e facilidade de cria\u00e7\u00e3o, permitindo que se adicione recursos a um avatar existente.<\/p>\n","protected":false},"excerpt":{"rendered":"<p><a class=\"linkbutton\" href=\"https:\/\/github.com\/Dreadrith\/DreadScripts\"target=_blank rel=\"noopener\">Website<\/a><\/p>\n","protected":false},"featured_media":4433,"template":"","meta":[],"product_cat":[233],"product_tag":[],"_links":{"self":[{"href":"https:\/\/revealing-project.eu\/pt-pt\/wp-json\/wp\/v2\/product\/5898"}],"collection":[{"href":"https:\/\/revealing-project.eu\/pt-pt\/wp-json\/wp\/v2\/product"}],"about":[{"href":"https:\/\/revealing-project.eu\/pt-pt\/wp-json\/wp\/v2\/types\/product"}],"wp:featuredmedia":[{"embeddable":true,"href":"https:\/\/revealing-project.eu\/pt-pt\/wp-json\/wp\/v2\/media\/4433"}],"wp:attachment":[{"href":"https:\/\/revealing-project.eu\/pt-pt\/wp-json\/wp\/v2\/media?parent=5898"}],"wp:term":[{"taxonomy":"product_cat","embeddable":true,"href":"https:\/\/revealing-project.eu\/pt-pt\/wp-json\/wp\/v2\/product_cat?post=5898"},{"taxonomy":"product_tag","embeddable":true,"href":"https:\/\/revealing-project.eu\/pt-pt\/wp-json\/wp\/v2\/product_tag?post=5898"}],"curies":[{"name":"wp","href":"https:\/\/api.w.org\/{rel}","templated":true}]}}