{"id":5899,"date":"2023-07-21T16:26:43","date_gmt":"2023-07-21T13:26:43","guid":{"rendered":"https:\/\/revealing-project.eu\/product\/vrcfury\/"},"modified":"2023-07-21T16:26:47","modified_gmt":"2023-07-21T13:26:47","slug":"vrcfury","status":"publish","type":"product","link":"https:\/\/revealing-project.eu\/pt-pt\/produto\/vrcfury\/","title":{"rendered":"VRCFury"},"content":{"rendered":"<p>&#8220;VRCFury&#8221; \u00e9 um conjunto de ferramentas vers\u00e1teis projetadas especificamente para avatares do VRChat, permitindo que os utilizadores personalizem os seus avatares de maneira n\u00e3o destrutiva. O toolkit oferece uma interface gr\u00e1fica intuitiva dentro do motor de jogos Unity, permitindo que os utilizadores criem e definam interruptores, gestos e modos de item com facilidade. Ao usar o VRCFury, os utilizadores podem personalizar seus avatares do VRChat com maior flexibilidade e precis\u00e3o, preservando a estrutura original do avatar e as anima\u00e7\u00f5es.<\/p>\n","protected":false},"excerpt":{"rendered":"<p><a class=\"linkbutton\" href=\"https:\/\/github.com\/VRCFury\/VRCFury\"target=_blank rel=\"noopener\">Website<\/a><\/p>\n","protected":false},"featured_media":4468,"template":"","meta":[],"product_cat":[233],"product_tag":[],"_links":{"self":[{"href":"https:\/\/revealing-project.eu\/pt-pt\/wp-json\/wp\/v2\/product\/5899"}],"collection":[{"href":"https:\/\/revealing-project.eu\/pt-pt\/wp-json\/wp\/v2\/product"}],"about":[{"href":"https:\/\/revealing-project.eu\/pt-pt\/wp-json\/wp\/v2\/types\/product"}],"wp:featuredmedia":[{"embeddable":true,"href":"https:\/\/revealing-project.eu\/pt-pt\/wp-json\/wp\/v2\/media\/4468"}],"wp:attachment":[{"href":"https:\/\/revealing-project.eu\/pt-pt\/wp-json\/wp\/v2\/media?parent=5899"}],"wp:term":[{"taxonomy":"product_cat","embeddable":true,"href":"https:\/\/revealing-project.eu\/pt-pt\/wp-json\/wp\/v2\/product_cat?post=5899"},{"taxonomy":"product_tag","embeddable":true,"href":"https:\/\/revealing-project.eu\/pt-pt\/wp-json\/wp\/v2\/product_tag?post=5899"}],"curies":[{"name":"wp","href":"https:\/\/api.w.org\/{rel}","templated":true}]}}