{"id":5903,"date":"2023-07-21T16:26:43","date_gmt":"2023-07-21T13:26:43","guid":{"rendered":"https:\/\/revealing-project.eu\/product\/thinglink\/"},"modified":"2023-07-21T16:26:49","modified_gmt":"2023-07-21T13:26:49","slug":"thinglink","status":"publish","type":"product","link":"https:\/\/revealing-project.eu\/pt-pt\/produto\/thinglink\/","title":{"rendered":"ThingLink"},"content":{"rendered":"<p>&#8220;ThingLink&#8221; \u00e9 um editor de media interativo que ajuda qualquer pessoa a criar uma experi\u00eancia imersiva sem necessidade de treino pr\u00e9vio. N\u00e3o s\u00e3o necess\u00e1rias habilidades de design ou desenvolvimento para criar visitas virtuais e outras experi\u00eancias interativas. O editor permite adicionar hotspots interativos a uma variedade de arquivos de media, come\u00e7ando com imagens, v\u00eddeos, imagens e v\u00eddeos em 360 graus e modelos 3D. Tamb\u00e9m \u00e9 poss\u00edvel incorporar conte\u00fado de terceiros no tag do editor, como um formul\u00e1rio, p\u00e1gina de site, post nas redes sociais e outros.<\/p>\n","protected":false},"excerpt":{"rendered":"<p><a class=\"linkbutton\" href=\"https:\/\/www.thinglink.com\/edu\"target=_blank rel=\"noopener\">Website<\/a><\/p>\n","protected":false},"featured_media":4338,"template":"","meta":[],"product_cat":[235],"product_tag":[],"_links":{"self":[{"href":"https:\/\/revealing-project.eu\/pt-pt\/wp-json\/wp\/v2\/product\/5903"}],"collection":[{"href":"https:\/\/revealing-project.eu\/pt-pt\/wp-json\/wp\/v2\/product"}],"about":[{"href":"https:\/\/revealing-project.eu\/pt-pt\/wp-json\/wp\/v2\/types\/product"}],"wp:featuredmedia":[{"embeddable":true,"href":"https:\/\/revealing-project.eu\/pt-pt\/wp-json\/wp\/v2\/media\/4338"}],"wp:attachment":[{"href":"https:\/\/revealing-project.eu\/pt-pt\/wp-json\/wp\/v2\/media?parent=5903"}],"wp:term":[{"taxonomy":"product_cat","embeddable":true,"href":"https:\/\/revealing-project.eu\/pt-pt\/wp-json\/wp\/v2\/product_cat?post=5903"},{"taxonomy":"product_tag","embeddable":true,"href":"https:\/\/revealing-project.eu\/pt-pt\/wp-json\/wp\/v2\/product_tag?post=5903"}],"curies":[{"name":"wp","href":"https:\/\/api.w.org\/{rel}","templated":true}]}}