{"id":5904,"date":"2023-07-21T16:26:43","date_gmt":"2023-07-21T13:26:43","guid":{"rendered":"https:\/\/revealing-project.eu\/product\/vortals\/"},"modified":"2023-07-21T16:26:49","modified_gmt":"2023-07-21T13:26:49","slug":"vortals","status":"publish","type":"product","link":"https:\/\/revealing-project.eu\/pt-pt\/produto\/vortals\/","title":{"rendered":"VORTALS"},"content":{"rendered":"<p>&#8220;VORTALS&#8221; \u00e9 a \u00fanica plataforma de cria\u00e7\u00e3o de aprendizagem do mundo que permite aos estudantes construir experi\u00eancias educativas imersivas enquanto desenvolvem habilidades do futuro.<\/p>\n","protected":false},"excerpt":{"rendered":"<p><a class=\"linkbutton\" href=\"https:\/\/www.vortals.app\"target=_blank rel=\"noopener\">Website<\/a><\/p>\n","protected":false},"featured_media":4388,"template":"","meta":[],"product_cat":[235],"product_tag":[],"_links":{"self":[{"href":"https:\/\/revealing-project.eu\/pt-pt\/wp-json\/wp\/v2\/product\/5904"}],"collection":[{"href":"https:\/\/revealing-project.eu\/pt-pt\/wp-json\/wp\/v2\/product"}],"about":[{"href":"https:\/\/revealing-project.eu\/pt-pt\/wp-json\/wp\/v2\/types\/product"}],"wp:featuredmedia":[{"embeddable":true,"href":"https:\/\/revealing-project.eu\/pt-pt\/wp-json\/wp\/v2\/media\/4388"}],"wp:attachment":[{"href":"https:\/\/revealing-project.eu\/pt-pt\/wp-json\/wp\/v2\/media?parent=5904"}],"wp:term":[{"taxonomy":"product_cat","embeddable":true,"href":"https:\/\/revealing-project.eu\/pt-pt\/wp-json\/wp\/v2\/product_cat?post=5904"},{"taxonomy":"product_tag","embeddable":true,"href":"https:\/\/revealing-project.eu\/pt-pt\/wp-json\/wp\/v2\/product_tag?post=5904"}],"curies":[{"name":"wp","href":"https:\/\/api.w.org\/{rel}","templated":true}]}}