{"id":5905,"date":"2023-07-21T16:26:43","date_gmt":"2023-07-21T13:26:43","guid":{"rendered":"https:\/\/revealing-project.eu\/product\/situ360\/"},"modified":"2023-07-21T16:26:50","modified_gmt":"2023-07-21T13:26:50","slug":"situ360","status":"publish","type":"product","link":"https:\/\/revealing-project.eu\/pt-pt\/produto\/situ360\/","title":{"rendered":"Situ360"},"content":{"rendered":"<p>&#8220;SITU360&#8221; \u00e9 um lugar onde qualquer pessoa pode criar facilmente experi\u00eancias interativas de 360 graus e RV diretamente no motor de busca. Nesta ferramenta \u00e9 poss\u00edvel partilhar as experui\u00eancias realizadas nas redes sociais, no pr\u00f3prio site, em dispositivos m\u00f3veis ou em RV. Para isso, basta fazer login, fazer upload de  v\u00eddeos e fotos em 360 graus, arrastar e soltar hotspots interativos, gr\u00e1ficos e m\u00eddia, e depois partilhar.<\/p>\n","protected":false},"excerpt":{"rendered":"<p><a class=\"linkbutton\" href=\"https:\/\/situ360.com\"target=_blank rel=\"noopener\">Website<\/a><\/p>\n","protected":false},"featured_media":4298,"template":"","meta":[],"product_cat":[235],"product_tag":[],"_links":{"self":[{"href":"https:\/\/revealing-project.eu\/pt-pt\/wp-json\/wp\/v2\/product\/5905"}],"collection":[{"href":"https:\/\/revealing-project.eu\/pt-pt\/wp-json\/wp\/v2\/product"}],"about":[{"href":"https:\/\/revealing-project.eu\/pt-pt\/wp-json\/wp\/v2\/types\/product"}],"wp:featuredmedia":[{"embeddable":true,"href":"https:\/\/revealing-project.eu\/pt-pt\/wp-json\/wp\/v2\/media\/4298"}],"wp:attachment":[{"href":"https:\/\/revealing-project.eu\/pt-pt\/wp-json\/wp\/v2\/media?parent=5905"}],"wp:term":[{"taxonomy":"product_cat","embeddable":true,"href":"https:\/\/revealing-project.eu\/pt-pt\/wp-json\/wp\/v2\/product_cat?post=5905"},{"taxonomy":"product_tag","embeddable":true,"href":"https:\/\/revealing-project.eu\/pt-pt\/wp-json\/wp\/v2\/product_tag?post=5905"}],"curies":[{"name":"wp","href":"https:\/\/api.w.org\/{rel}","templated":true}]}}