{"id":5908,"date":"2023-07-21T16:26:43","date_gmt":"2023-07-21T13:26:43","guid":{"rendered":"https:\/\/revealing-project.eu\/product\/a-frame\/"},"modified":"2023-07-21T16:26:51","modified_gmt":"2023-07-21T13:26:51","slug":"a-frame","status":"publish","type":"product","link":"https:\/\/revealing-project.eu\/pt-pt\/produto\/a-frame\/","title":{"rendered":"A-Frame"},"content":{"rendered":"<p>&#8220;A-Frame&#8221; \u00e9 uma estrutura de c\u00f3digo aberto para criar experi\u00eancias de RV utilizando HTML e JavaScript. Ele fornece uma sintaxe simples e intuitiva para criar cenas em 3D que podem ser visualizadas em RV. O A-Frame pode ser usado em um navegador da web ou como parte de um aplicativo m\u00f3vel.<\/p>\n","protected":false},"excerpt":{"rendered":"<p><a class=\"linkbutton\" href=\"https:\/\/aframe.io\"target=_blank rel=\"noopener\">Website<\/a><\/p>\n","protected":false},"featured_media":4053,"template":"","meta":[],"product_cat":[235],"product_tag":[],"_links":{"self":[{"href":"https:\/\/revealing-project.eu\/pt-pt\/wp-json\/wp\/v2\/product\/5908"}],"collection":[{"href":"https:\/\/revealing-project.eu\/pt-pt\/wp-json\/wp\/v2\/product"}],"about":[{"href":"https:\/\/revealing-project.eu\/pt-pt\/wp-json\/wp\/v2\/types\/product"}],"wp:featuredmedia":[{"embeddable":true,"href":"https:\/\/revealing-project.eu\/pt-pt\/wp-json\/wp\/v2\/media\/4053"}],"wp:attachment":[{"href":"https:\/\/revealing-project.eu\/pt-pt\/wp-json\/wp\/v2\/media?parent=5908"}],"wp:term":[{"taxonomy":"product_cat","embeddable":true,"href":"https:\/\/revealing-project.eu\/pt-pt\/wp-json\/wp\/v2\/product_cat?post=5908"},{"taxonomy":"product_tag","embeddable":true,"href":"https:\/\/revealing-project.eu\/pt-pt\/wp-json\/wp\/v2\/product_tag?post=5908"}],"curies":[{"name":"wp","href":"https:\/\/api.w.org\/{rel}","templated":true}]}}