{"id":5909,"date":"2023-07-21T16:26:54","date_gmt":"2023-07-21T13:26:54","guid":{"rendered":"https:\/\/revealing-project.eu\/product\/react-360\/"},"modified":"2023-07-21T16:26:54","modified_gmt":"2023-07-21T13:26:54","slug":"react-360","status":"publish","type":"product","link":"https:\/\/revealing-project.eu\/pt-pt\/produto\/react-360\/","title":{"rendered":"React 360"},"content":{"rendered":"<p>&#8220;React 360&#8221; \u00e9 uma ferramenta para construir experi\u00eancias de RV utilizando a biblioteca React.js. O React 360 permite que os modeladores criem experi\u00eancias de RV imersivas e interativas que s\u00e3o executadas diretamente no navegador, sem a necessidade de software ou plugins adicionais. A ferramenta oferece uma variedade de componentes e APIs que permitem que os desenvolvedores criem cenas em 3D, adicionem interatividade e anima\u00e7\u00f5es e integrem-se com hardware de RV.<\/p>\n","protected":false},"excerpt":{"rendered":"<p><a class=\"linkbutton\" href=\"https:\/\/github.com\/facebookarchive\/react-360\"target=_blank rel=\"noopener\">Website<\/a><\/p>\n","protected":false},"featured_media":4897,"template":"","meta":[],"product_cat":[235],"product_tag":[],"_links":{"self":[{"href":"https:\/\/revealing-project.eu\/pt-pt\/wp-json\/wp\/v2\/product\/5909"}],"collection":[{"href":"https:\/\/revealing-project.eu\/pt-pt\/wp-json\/wp\/v2\/product"}],"about":[{"href":"https:\/\/revealing-project.eu\/pt-pt\/wp-json\/wp\/v2\/types\/product"}],"wp:featuredmedia":[{"embeddable":true,"href":"https:\/\/revealing-project.eu\/pt-pt\/wp-json\/wp\/v2\/media\/4897"}],"wp:attachment":[{"href":"https:\/\/revealing-project.eu\/pt-pt\/wp-json\/wp\/v2\/media?parent=5909"}],"wp:term":[{"taxonomy":"product_cat","embeddable":true,"href":"https:\/\/revealing-project.eu\/pt-pt\/wp-json\/wp\/v2\/product_cat?post=5909"},{"taxonomy":"product_tag","embeddable":true,"href":"https:\/\/revealing-project.eu\/pt-pt\/wp-json\/wp\/v2\/product_tag?post=5909"}],"curies":[{"name":"wp","href":"https:\/\/api.w.org\/{rel}","templated":true}]}}