{"id":5910,"date":"2023-07-21T16:26:54","date_gmt":"2023-07-21T13:26:54","guid":{"rendered":"https:\/\/revealing-project.eu\/product\/sketchfab\/"},"modified":"2023-07-21T16:26:55","modified_gmt":"2023-07-21T13:26:55","slug":"sketchfab-3","status":"publish","type":"product","link":"https:\/\/revealing-project.eu\/pt-pt\/produto\/sketchfab-3\/","title":{"rendered":"Sketchfab"},"content":{"rendered":"<p>&#8220;Sketchfab&#8221; permite que os utilizadores descubram, publiquem e partilhem conte\u00fado 3D, incluindo modelos, anima\u00e7\u00f5es e experi\u00eancias de RV. \u00c9 popular entre artistas 3D, designers e criadores para exibirem seus trabalhos. Os utilizadores podem fazer upload de modelos 3D e outros conte\u00fados em v\u00e1rios formatos (incluindo OBJ, FBX, STL). Na utiliza\u00e7\u00e3o da ferramenta podem aplicar texturas e materiais, adicionar anima\u00e7\u00f5es e criar experi\u00eancias interativas.<\/p>\n","protected":false},"excerpt":{"rendered":"<p><a class=\"linkbutton\" href=\"https:\/\/sketchfab.com\/\"target=_blank rel=\"noopener\">Website<\/a><\/p>\n","protected":false},"featured_media":4303,"template":"","meta":[],"product_cat":[235],"product_tag":[],"_links":{"self":[{"href":"https:\/\/revealing-project.eu\/pt-pt\/wp-json\/wp\/v2\/product\/5910"}],"collection":[{"href":"https:\/\/revealing-project.eu\/pt-pt\/wp-json\/wp\/v2\/product"}],"about":[{"href":"https:\/\/revealing-project.eu\/pt-pt\/wp-json\/wp\/v2\/types\/product"}],"wp:featuredmedia":[{"embeddable":true,"href":"https:\/\/revealing-project.eu\/pt-pt\/wp-json\/wp\/v2\/media\/4303"}],"wp:attachment":[{"href":"https:\/\/revealing-project.eu\/pt-pt\/wp-json\/wp\/v2\/media?parent=5910"}],"wp:term":[{"taxonomy":"product_cat","embeddable":true,"href":"https:\/\/revealing-project.eu\/pt-pt\/wp-json\/wp\/v2\/product_cat?post=5910"},{"taxonomy":"product_tag","embeddable":true,"href":"https:\/\/revealing-project.eu\/pt-pt\/wp-json\/wp\/v2\/product_tag?post=5910"}],"curies":[{"name":"wp","href":"https:\/\/api.w.org\/{rel}","templated":true}]}}