{"id":5912,"date":"2023-07-21T16:26:54","date_gmt":"2023-07-21T13:26:54","guid":{"rendered":"https:\/\/revealing-project.eu\/product\/janusvr\/"},"modified":"2023-07-21T16:26:56","modified_gmt":"2023-07-21T13:26:56","slug":"janusvr","status":"publish","type":"product","link":"https:\/\/revealing-project.eu\/pt-pt\/produto\/janusvr\/","title":{"rendered":"JanusVR"},"content":{"rendered":"<p>&#8220;JanusVR&#8221; permite que os utilizadores construam, explorem e compartilhem espa\u00e7os virtuais em tempo real, sem a necessidade de software ou hardware especializados. Ele fornece uma variedade de ferramentas para criar mundos virtuais, incluindo uma interface de modela\u00e7\u00e3o 3D, um mecanismo de script e uma biblioteca de objetos. Os utilizadores podem criar objetos interativos, programar comportamentos complexos e projetar seus pr\u00f3prios ambientes virtuais a partir do zero ou importar modelos 3D existentes de outros softwares. Uma vez criados, os mundos virtuais podem ser partilhados com outros atrav\u00e9s da rede JanusVR, que permite intera\u00e7\u00e3o e colabora\u00e7\u00e3o em tempo real.<\/p>\n","protected":false},"excerpt":{"rendered":"<p><a class=\"linkbutton\" href=\"https:\/\/www.janusvr.com\/\"target=_blank rel=\"noopener\">Website<\/a><\/p>\n","protected":false},"featured_media":4198,"template":"","meta":[],"product_cat":[235],"product_tag":[],"_links":{"self":[{"href":"https:\/\/revealing-project.eu\/pt-pt\/wp-json\/wp\/v2\/product\/5912"}],"collection":[{"href":"https:\/\/revealing-project.eu\/pt-pt\/wp-json\/wp\/v2\/product"}],"about":[{"href":"https:\/\/revealing-project.eu\/pt-pt\/wp-json\/wp\/v2\/types\/product"}],"wp:featuredmedia":[{"embeddable":true,"href":"https:\/\/revealing-project.eu\/pt-pt\/wp-json\/wp\/v2\/media\/4198"}],"wp:attachment":[{"href":"https:\/\/revealing-project.eu\/pt-pt\/wp-json\/wp\/v2\/media?parent=5912"}],"wp:term":[{"taxonomy":"product_cat","embeddable":true,"href":"https:\/\/revealing-project.eu\/pt-pt\/wp-json\/wp\/v2\/product_cat?post=5912"},{"taxonomy":"product_tag","embeddable":true,"href":"https:\/\/revealing-project.eu\/pt-pt\/wp-json\/wp\/v2\/product_tag?post=5912"}],"curies":[{"name":"wp","href":"https:\/\/api.w.org\/{rel}","templated":true}]}}