{"id":5913,"date":"2023-07-21T16:26:54","date_gmt":"2023-07-21T13:26:54","guid":{"rendered":"https:\/\/revealing-project.eu\/product\/webvr-notepad\/"},"modified":"2023-07-21T16:26:57","modified_gmt":"2023-07-21T13:26:57","slug":"webvr-notepad","status":"publish","type":"product","link":"https:\/\/revealing-project.eu\/pt-pt\/produto\/webvr-notepad\/","title":{"rendered":"WebVR Notepad"},"content":{"rendered":"<p>&#8220;WebVR Notepad&#8221; permite aos utilizadores criar e visualizar cenas b\u00e1sicas de RV utilizando um editor de texto. \u00c9 projetado para ser f\u00e1cil de usar, mesmo para utilizadores com habilidades de codifica\u00e7\u00e3o ou t\u00e9cnicas limitadas. Os utilizadores podem criar e editar cenas de RV usando uma sintaxe simples semelhante ao HTML. A ferramenta suporta formas e primitivas b\u00e1sicas, bem como texturas, cores e ilumina\u00e7\u00e3o. O &#8220;WebVR Notepad&#8221; \u00e9 uma ferramenta de c\u00f3digo aberto e o c\u00f3digo-fonte est\u00e1 dispon\u00edvel no GitHub para os utilizadores modificarem e melhorarem.<\/p>\n","protected":false},"excerpt":{"rendered":"<p><a class=\"linkbutton\" href=\"https:\/\/webvr.info\/\"target=_blank rel=\"noopener\">Website<\/a><\/p>\n","protected":false},"featured_media":4403,"template":"","meta":[],"product_cat":[235],"product_tag":[],"_links":{"self":[{"href":"https:\/\/revealing-project.eu\/pt-pt\/wp-json\/wp\/v2\/product\/5913"}],"collection":[{"href":"https:\/\/revealing-project.eu\/pt-pt\/wp-json\/wp\/v2\/product"}],"about":[{"href":"https:\/\/revealing-project.eu\/pt-pt\/wp-json\/wp\/v2\/types\/product"}],"wp:featuredmedia":[{"embeddable":true,"href":"https:\/\/revealing-project.eu\/pt-pt\/wp-json\/wp\/v2\/media\/4403"}],"wp:attachment":[{"href":"https:\/\/revealing-project.eu\/pt-pt\/wp-json\/wp\/v2\/media?parent=5913"}],"wp:term":[{"taxonomy":"product_cat","embeddable":true,"href":"https:\/\/revealing-project.eu\/pt-pt\/wp-json\/wp\/v2\/product_cat?post=5913"},{"taxonomy":"product_tag","embeddable":true,"href":"https:\/\/revealing-project.eu\/pt-pt\/wp-json\/wp\/v2\/product_tag?post=5913"}],"curies":[{"name":"wp","href":"https:\/\/api.w.org\/{rel}","templated":true}]}}