{"id":5915,"date":"2023-07-21T16:26:54","date_gmt":"2023-07-21T13:26:54","guid":{"rendered":"https:\/\/revealing-project.eu\/product\/mozilla-hubs\/"},"modified":"2023-07-21T16:26:57","modified_gmt":"2023-07-21T13:26:57","slug":"mozilla-hubs","status":"publish","type":"product","link":"https:\/\/revealing-project.eu\/pt-pt\/produto\/mozilla-hubs\/","title":{"rendered":"Mozilla Hubs"},"content":{"rendered":"<p>&#8220;Hubs&#8221; \u00e9 uma sala de chat de RV projetada para todos os headsets e navegadores, mas tamb\u00e9m \u00e9 um projeto de c\u00f3digo aberto que explora como a comunica\u00e7\u00e3o em realidade mista pode ganhar vida. Entre em uma das nossas salas virtuais ou construa uma do zero.<\/p>\n","protected":false},"excerpt":{"rendered":"<p><a class=\"linkbutton\" href=\"https:\/\/hubs.mozilla.com\/\"target=_blank rel=\"noopener\">Website<\/a><\/p>\n","protected":false},"featured_media":4253,"template":"","meta":[],"product_cat":[235],"product_tag":[],"_links":{"self":[{"href":"https:\/\/revealing-project.eu\/pt-pt\/wp-json\/wp\/v2\/product\/5915"}],"collection":[{"href":"https:\/\/revealing-project.eu\/pt-pt\/wp-json\/wp\/v2\/product"}],"about":[{"href":"https:\/\/revealing-project.eu\/pt-pt\/wp-json\/wp\/v2\/types\/product"}],"wp:featuredmedia":[{"embeddable":true,"href":"https:\/\/revealing-project.eu\/pt-pt\/wp-json\/wp\/v2\/media\/4253"}],"wp:attachment":[{"href":"https:\/\/revealing-project.eu\/pt-pt\/wp-json\/wp\/v2\/media?parent=5915"}],"wp:term":[{"taxonomy":"product_cat","embeddable":true,"href":"https:\/\/revealing-project.eu\/pt-pt\/wp-json\/wp\/v2\/product_cat?post=5915"},{"taxonomy":"product_tag","embeddable":true,"href":"https:\/\/revealing-project.eu\/pt-pt\/wp-json\/wp\/v2\/product_tag?post=5915"}],"curies":[{"name":"wp","href":"https:\/\/api.w.org\/{rel}","templated":true}]}}