{"id":5916,"date":"2023-07-21T16:26:54","date_gmt":"2023-07-21T13:26:54","guid":{"rendered":"https:\/\/revealing-project.eu\/product\/babylon-js\/"},"modified":"2023-07-21T16:26:58","modified_gmt":"2023-07-21T13:26:58","slug":"babylon-js","status":"publish","type":"product","link":"https:\/\/revealing-project.eu\/pt-pt\/produto\/babylon-js\/","title":{"rendered":"Babylon.JS"},"content":{"rendered":"<p>&#8220;Babylon.js&#8221; \u00e9 uma ferramenta de modela\u00e7\u00e3o 3D em tempo real que usa uma biblioteca JavaScript para exibir gr\u00e1ficos 3D em um navegador da web atrav\u00e9s do HTML5. O c\u00f3digo-fonte est\u00e1 dispon\u00edvel num reposit\u00f3rio no GitHub.<\/p>\n","protected":false},"excerpt":{"rendered":"<p><a class=\"linkbutton\" href=\"https:\/\/www.babylonjs.com\/\"target=_blank rel=\"noopener\">Website<\/a><\/p>\n","protected":false},"featured_media":4083,"template":"","meta":[],"product_cat":[235],"product_tag":[],"_links":{"self":[{"href":"https:\/\/revealing-project.eu\/pt-pt\/wp-json\/wp\/v2\/product\/5916"}],"collection":[{"href":"https:\/\/revealing-project.eu\/pt-pt\/wp-json\/wp\/v2\/product"}],"about":[{"href":"https:\/\/revealing-project.eu\/pt-pt\/wp-json\/wp\/v2\/types\/product"}],"wp:featuredmedia":[{"embeddable":true,"href":"https:\/\/revealing-project.eu\/pt-pt\/wp-json\/wp\/v2\/media\/4083"}],"wp:attachment":[{"href":"https:\/\/revealing-project.eu\/pt-pt\/wp-json\/wp\/v2\/media?parent=5916"}],"wp:term":[{"taxonomy":"product_cat","embeddable":true,"href":"https:\/\/revealing-project.eu\/pt-pt\/wp-json\/wp\/v2\/product_cat?post=5916"},{"taxonomy":"product_tag","embeddable":true,"href":"https:\/\/revealing-project.eu\/pt-pt\/wp-json\/wp\/v2\/product_tag?post=5916"}],"curies":[{"name":"wp","href":"https:\/\/api.w.org\/{rel}","templated":true}]}}