{"id":5917,"date":"2023-07-21T16:26:54","date_gmt":"2023-07-21T13:26:54","guid":{"rendered":"https:\/\/revealing-project.eu\/product\/three-js\/"},"modified":"2023-07-21T16:26:58","modified_gmt":"2023-07-21T13:26:58","slug":"three-js","status":"publish","type":"product","link":"https:\/\/revealing-project.eu\/pt-pt\/produto\/three-js\/","title":{"rendered":"three.js"},"content":{"rendered":"<p>&#8220;Three.js&#8221; \u00e9 uma biblioteca JavaScript e uma interface de programa\u00e7\u00e3o de aplica\u00e7\u00f5es multiplataforma utilizada para criar e exibir gr\u00e1ficos 3D animados num navegador da web usando WebGL. O c\u00f3digo-fonte est\u00e1 hospedado num reposit\u00f3rio no GitHub.<\/p>\n","protected":false},"excerpt":{"rendered":"<p><a class=\"linkbutton\" href=\"https:\/\/threejs.org\/\"target=_blank rel=\"noopener\">Website<\/a><\/p>\n","protected":false},"featured_media":4343,"template":"","meta":[],"product_cat":[235],"product_tag":[],"_links":{"self":[{"href":"https:\/\/revealing-project.eu\/pt-pt\/wp-json\/wp\/v2\/product\/5917"}],"collection":[{"href":"https:\/\/revealing-project.eu\/pt-pt\/wp-json\/wp\/v2\/product"}],"about":[{"href":"https:\/\/revealing-project.eu\/pt-pt\/wp-json\/wp\/v2\/types\/product"}],"wp:featuredmedia":[{"embeddable":true,"href":"https:\/\/revealing-project.eu\/pt-pt\/wp-json\/wp\/v2\/media\/4343"}],"wp:attachment":[{"href":"https:\/\/revealing-project.eu\/pt-pt\/wp-json\/wp\/v2\/media?parent=5917"}],"wp:term":[{"taxonomy":"product_cat","embeddable":true,"href":"https:\/\/revealing-project.eu\/pt-pt\/wp-json\/wp\/v2\/product_cat?post=5917"},{"taxonomy":"product_tag","embeddable":true,"href":"https:\/\/revealing-project.eu\/pt-pt\/wp-json\/wp\/v2\/product_tag?post=5917"}],"curies":[{"name":"wp","href":"https:\/\/api.w.org\/{rel}","templated":true}]}}