{"id":5918,"date":"2023-07-21T16:26:54","date_gmt":"2023-07-21T13:26:54","guid":{"rendered":"https:\/\/revealing-project.eu\/product\/xseen\/"},"modified":"2023-07-21T16:26:58","modified_gmt":"2023-07-21T13:26:58","slug":"xseen","status":"publish","type":"product","link":"https:\/\/revealing-project.eu\/pt-pt\/produto\/xseen\/","title":{"rendered":"Xseen"},"content":{"rendered":"<p>&#8220;XSeen&#8221; \u00e9 uma estrutura para integrar e manipular cenas 3D declarativas como elementos DOM HTML5, que s\u00e3o renderizados via WebGL com THREE.js. O sistema de c\u00f3digo aberto permite definir descri\u00e7\u00f5es de cena 3D e comportamento em tempo de execu\u00e7\u00e3o de forma declarativa, sem qualquer codifica\u00e7\u00e3o JavaScript ou GLSL de baixo n\u00edvel.<\/p>\n","protected":false},"excerpt":{"rendered":"<p><a class=\"linkbutton\" href=\"https:\/\/xseen.org\/,\"target=_blank rel=\"noopener\">Website<\/a><\/p>\n","protected":false},"featured_media":4418,"template":"","meta":[],"product_cat":[235],"product_tag":[],"_links":{"self":[{"href":"https:\/\/revealing-project.eu\/pt-pt\/wp-json\/wp\/v2\/product\/5918"}],"collection":[{"href":"https:\/\/revealing-project.eu\/pt-pt\/wp-json\/wp\/v2\/product"}],"about":[{"href":"https:\/\/revealing-project.eu\/pt-pt\/wp-json\/wp\/v2\/types\/product"}],"wp:featuredmedia":[{"embeddable":true,"href":"https:\/\/revealing-project.eu\/pt-pt\/wp-json\/wp\/v2\/media\/4418"}],"wp:attachment":[{"href":"https:\/\/revealing-project.eu\/pt-pt\/wp-json\/wp\/v2\/media?parent=5918"}],"wp:term":[{"taxonomy":"product_cat","embeddable":true,"href":"https:\/\/revealing-project.eu\/pt-pt\/wp-json\/wp\/v2\/product_cat?post=5918"},{"taxonomy":"product_tag","embeddable":true,"href":"https:\/\/revealing-project.eu\/pt-pt\/wp-json\/wp\/v2\/product_tag?post=5918"}],"curies":[{"name":"wp","href":"https:\/\/api.w.org\/{rel}","templated":true}]}}