{"id":5919,"date":"2023-07-21T16:26:54","date_gmt":"2023-07-21T13:26:54","guid":{"rendered":"https:\/\/revealing-project.eu\/product\/tinkercad\/"},"modified":"2023-07-21T16:26:58","modified_gmt":"2023-07-21T13:26:58","slug":"tinkercad","status":"publish","type":"product","link":"https:\/\/revealing-project.eu\/pt-pt\/produto\/tinkercad\/","title":{"rendered":"Tinkercad"},"content":{"rendered":"<p>&#8220;Tinkercad&#8221; \u00e9 um programa de modela\u00e7\u00e3o 3D online gratuito. Desde a sua dispon\u00edbiliza\u00e7\u00e3o em 2011, tornou-se uma plataforma popular para criar modelos para impress\u00e3o 3D, bem como uma introdu\u00e7\u00e3o ao b\u00e1sico da geometria s\u00f3lida construtiva em escolas.<\/p>\n","protected":false},"excerpt":{"rendered":"<p><a class=\"linkbutton\" href=\"https:\/\/www.tinkercad.com\"target=_blank rel=\"noopener\">Website<\/a><\/p>\n","protected":false},"featured_media":4348,"template":"","meta":[],"product_cat":[235],"product_tag":[],"_links":{"self":[{"href":"https:\/\/revealing-project.eu\/pt-pt\/wp-json\/wp\/v2\/product\/5919"}],"collection":[{"href":"https:\/\/revealing-project.eu\/pt-pt\/wp-json\/wp\/v2\/product"}],"about":[{"href":"https:\/\/revealing-project.eu\/pt-pt\/wp-json\/wp\/v2\/types\/product"}],"wp:featuredmedia":[{"embeddable":true,"href":"https:\/\/revealing-project.eu\/pt-pt\/wp-json\/wp\/v2\/media\/4348"}],"wp:attachment":[{"href":"https:\/\/revealing-project.eu\/pt-pt\/wp-json\/wp\/v2\/media?parent=5919"}],"wp:term":[{"taxonomy":"product_cat","embeddable":true,"href":"https:\/\/revealing-project.eu\/pt-pt\/wp-json\/wp\/v2\/product_cat?post=5919"},{"taxonomy":"product_tag","embeddable":true,"href":"https:\/\/revealing-project.eu\/pt-pt\/wp-json\/wp\/v2\/product_tag?post=5919"}],"curies":[{"name":"wp","href":"https:\/\/api.w.org\/{rel}","templated":true}]}}