{"id":5922,"date":"2023-07-21T16:26:54","date_gmt":"2023-07-21T13:26:54","guid":{"rendered":"https:\/\/revealing-project.eu\/product\/sculptgl\/"},"modified":"2023-07-21T16:26:59","modified_gmt":"2023-07-21T13:26:59","slug":"sculptgl","status":"publish","type":"product","link":"https:\/\/revealing-project.eu\/pt-pt\/produto\/sculptgl\/","title":{"rendered":"SculptGL"},"content":{"rendered":"<p>&#8220;SculptGL&#8221; \u00e9 uma ferramenta de modela\u00e7\u00e3o web que permite aos utilizadores criar modelos 3D diretamente no seu browser . Pode ser utilizado em qualquer dispositivo que suporte navega\u00e7\u00e3o na web, incluindo computadores desktop, laptops, tablets e smartphones. N\u00e3o requer hardware ou software adicional, tornando-o facilmente acess\u00edvel a qualquer pessoa com uma conex\u00e3o \u00e0 internet.<\/p>\n","protected":false},"excerpt":{"rendered":"<p><a class=\"linkbutton\" href=\"https:\/\/stephaneginier.com\/sculptgl\/\"target=_blank rel=\"noopener\">Website<\/a><\/p>\n","protected":false},"featured_media":4293,"template":"","meta":[],"product_cat":[235],"product_tag":[],"_links":{"self":[{"href":"https:\/\/revealing-project.eu\/pt-pt\/wp-json\/wp\/v2\/product\/5922"}],"collection":[{"href":"https:\/\/revealing-project.eu\/pt-pt\/wp-json\/wp\/v2\/product"}],"about":[{"href":"https:\/\/revealing-project.eu\/pt-pt\/wp-json\/wp\/v2\/types\/product"}],"wp:featuredmedia":[{"embeddable":true,"href":"https:\/\/revealing-project.eu\/pt-pt\/wp-json\/wp\/v2\/media\/4293"}],"wp:attachment":[{"href":"https:\/\/revealing-project.eu\/pt-pt\/wp-json\/wp\/v2\/media?parent=5922"}],"wp:term":[{"taxonomy":"product_cat","embeddable":true,"href":"https:\/\/revealing-project.eu\/pt-pt\/wp-json\/wp\/v2\/product_cat?post=5922"},{"taxonomy":"product_tag","embeddable":true,"href":"https:\/\/revealing-project.eu\/pt-pt\/wp-json\/wp\/v2\/product_tag?post=5922"}],"curies":[{"name":"wp","href":"https:\/\/api.w.org\/{rel}","templated":true}]}}