{"id":5923,"date":"2023-07-21T16:26:54","date_gmt":"2023-07-21T13:26:54","guid":{"rendered":"https:\/\/revealing-project.eu\/product\/zbrushcoremini\/"},"modified":"2023-07-21T16:27:00","modified_gmt":"2023-07-21T13:27:00","slug":"zbrushcoremini","status":"publish","type":"product","link":"https:\/\/revealing-project.eu\/pt-pt\/produto\/zbrushcoremini\/","title":{"rendered":"ZBrushCoreMini"},"content":{"rendered":"<p>&#8220;ZBrushCoreMini&#8221; \u00e9 um software de modela\u00e7\u00e3o digital projetado para iniciantes e entusiastas. Est\u00e1 dispon\u00edvel para computadores Windows e Mac.<\/p>\n","protected":false},"excerpt":{"rendered":"<p><a class=\"linkbutton\" href=\"https:\/\/www.maxon.net\/en\/zbrushcoremini\"target=_blank rel=\"noopener\">Website<\/a><\/p>\n","protected":false},"featured_media":4423,"template":"","meta":[],"product_cat":[235],"product_tag":[],"_links":{"self":[{"href":"https:\/\/revealing-project.eu\/pt-pt\/wp-json\/wp\/v2\/product\/5923"}],"collection":[{"href":"https:\/\/revealing-project.eu\/pt-pt\/wp-json\/wp\/v2\/product"}],"about":[{"href":"https:\/\/revealing-project.eu\/pt-pt\/wp-json\/wp\/v2\/types\/product"}],"wp:featuredmedia":[{"embeddable":true,"href":"https:\/\/revealing-project.eu\/pt-pt\/wp-json\/wp\/v2\/media\/4423"}],"wp:attachment":[{"href":"https:\/\/revealing-project.eu\/pt-pt\/wp-json\/wp\/v2\/media?parent=5923"}],"wp:term":[{"taxonomy":"product_cat","embeddable":true,"href":"https:\/\/revealing-project.eu\/pt-pt\/wp-json\/wp\/v2\/product_cat?post=5923"},{"taxonomy":"product_tag","embeddable":true,"href":"https:\/\/revealing-project.eu\/pt-pt\/wp-json\/wp\/v2\/product_tag?post=5923"}],"curies":[{"name":"wp","href":"https:\/\/api.w.org\/{rel}","templated":true}]}}