{"id":5924,"date":"2023-07-21T16:26:54","date_gmt":"2023-07-21T13:26:54","guid":{"rendered":"https:\/\/revealing-project.eu\/product\/sketchup\/"},"modified":"2023-07-21T16:27:00","modified_gmt":"2023-07-21T13:27:00","slug":"sketchup","status":"publish","type":"product","link":"https:\/\/revealing-project.eu\/pt-pt\/produto\/sketchup\/","title":{"rendered":"SketchUp"},"content":{"rendered":"<p>&#8220;SketchUp&#8221; \u00e9 um software de modela\u00e7\u00e3o 3D utilizando numa ampla gama de aplica\u00e7\u00f5es de desenho, como arquitetura, design de interiores, engenharia civil e mec\u00e2nica, cinema e design de jogos. Est\u00e1 dispon\u00edvel para uso em computadores com Windows ou macOS.  Esta tamb\u00e9m pode ser usada em dispositivos m\u00f3veis com a aplica\u00e7\u00e3o m\u00f3vel do SketchUp.<\/p>\n","protected":false},"excerpt":{"rendered":"<p><a class=\"linkbutton\" href=\"https:\/\/www.sketchup.ibercad.pt\/?gclid=CjwKCAjw3ueiBhBmEiwA4BhspIkii_8hLJJgXvvYXvYaW9E6WyHyrm8J9EbECWiL3sKUXRSFJwzQ0hoCK4EQAvD_BwE\"target=_blank rel=\"noopener\">Website<\/a><\/p>\n","protected":false},"featured_media":4308,"template":"","meta":[],"product_cat":[235],"product_tag":[],"_links":{"self":[{"href":"https:\/\/revealing-project.eu\/pt-pt\/wp-json\/wp\/v2\/product\/5924"}],"collection":[{"href":"https:\/\/revealing-project.eu\/pt-pt\/wp-json\/wp\/v2\/product"}],"about":[{"href":"https:\/\/revealing-project.eu\/pt-pt\/wp-json\/wp\/v2\/types\/product"}],"wp:featuredmedia":[{"embeddable":true,"href":"https:\/\/revealing-project.eu\/pt-pt\/wp-json\/wp\/v2\/media\/4308"}],"wp:attachment":[{"href":"https:\/\/revealing-project.eu\/pt-pt\/wp-json\/wp\/v2\/media?parent=5924"}],"wp:term":[{"taxonomy":"product_cat","embeddable":true,"href":"https:\/\/revealing-project.eu\/pt-pt\/wp-json\/wp\/v2\/product_cat?post=5924"},{"taxonomy":"product_tag","embeddable":true,"href":"https:\/\/revealing-project.eu\/pt-pt\/wp-json\/wp\/v2\/product_tag?post=5924"}],"curies":[{"name":"wp","href":"https:\/\/api.w.org\/{rel}","templated":true}]}}