{"id":5925,"date":"2023-07-21T16:26:54","date_gmt":"2023-07-21T13:26:54","guid":{"rendered":"https:\/\/revealing-project.eu\/product\/wings-3d\/"},"modified":"2023-07-21T16:27:00","modified_gmt":"2023-07-21T13:27:00","slug":"wings-3d","status":"publish","type":"product","link":"https:\/\/revealing-project.eu\/pt-pt\/produto\/wings-3d\/","title":{"rendered":"Wings 3D"},"content":{"rendered":"<p>O Wings 3D \u00e9 um software de modela\u00e7\u00e3o 3D gratuito e de c\u00f3digo aberto dispon\u00edvel para os sistemas operativos Windows, macOS e Linux. Pode ser utilizado em computadores fixos ou port\u00e1teis com especifica\u00e7\u00f5es de hardware compat\u00edveis. Contudo, n\u00e3o foi concebido ou otimizado para uso com realidade virtual ou outras tecnologias imersivas.<\/p>\n","protected":false},"excerpt":{"rendered":"<p><a class=\"linkbutton\" href=\"http:\/\/www.wings3d.com\"target=_blank rel=\"noopener\">Website<\/a><\/p>\n","protected":false},"featured_media":4917,"template":"","meta":[],"product_cat":[235],"product_tag":[],"_links":{"self":[{"href":"https:\/\/revealing-project.eu\/pt-pt\/wp-json\/wp\/v2\/product\/5925"}],"collection":[{"href":"https:\/\/revealing-project.eu\/pt-pt\/wp-json\/wp\/v2\/product"}],"about":[{"href":"https:\/\/revealing-project.eu\/pt-pt\/wp-json\/wp\/v2\/types\/product"}],"wp:featuredmedia":[{"embeddable":true,"href":"https:\/\/revealing-project.eu\/pt-pt\/wp-json\/wp\/v2\/media\/4917"}],"wp:attachment":[{"href":"https:\/\/revealing-project.eu\/pt-pt\/wp-json\/wp\/v2\/media?parent=5925"}],"wp:term":[{"taxonomy":"product_cat","embeddable":true,"href":"https:\/\/revealing-project.eu\/pt-pt\/wp-json\/wp\/v2\/product_cat?post=5925"},{"taxonomy":"product_tag","embeddable":true,"href":"https:\/\/revealing-project.eu\/pt-pt\/wp-json\/wp\/v2\/product_tag?post=5925"}],"curies":[{"name":"wp","href":"https:\/\/api.w.org\/{rel}","templated":true}]}}